{"id":8718,"date":"2023-12-13T11:47:06","date_gmt":"2023-12-13T11:47:06","guid":{"rendered":"https:\/\/apslretail.com\/?page_id=8718"},"modified":"2024-01-15T09:46:43","modified_gmt":"2024-01-15T09:46:43","slug":"alquiler-venta-oficinas","status":"publish","type":"page","link":"https:\/\/apslretail.com\/index.php\/alquiler-venta-oficinas\/","title":{"rendered":"Alquiler\u00a0\u2013 Venta Oficinas"},"content":{"rendered":"\t\t<div data-elementor-type=\"wp-page\" data-elementor-id=\"8718\" class=\"elementor elementor-8718\">\n\t\t\t\t\t\t\t<div class=\"elementor-element elementor-element-5c3875b0 e-flex e-con-boxed e-con e-parent\" data-id=\"5c3875b0\" data-element_type=\"container\" data-settings=\"{&quot;content_width&quot;:&quot;boxed&quot;}\" data-core-v316-plus=\"true\">\n\t\t\t\t\t<div class=\"e-con-inner\">\n\t\t\t\t<div class=\"elementor-element elementor-element-bae8dd5 elementor-widget elementor-widget-gva-heading-block\" data-id=\"bae8dd5\" data-element_type=\"widget\" data-widget_type=\"gva-heading-block.default\">\n\t\t\t\t<div class=\"elementor-widget-container\">\n\t\t\t<div class=\"gva-element-gva-heading-block gva-element\">   <div class=\"align-center style-1 widget gsc-heading\">\r\n      <div class=\"content-inner\">\r\n         \r\n                  \r\n           \r\n         \r\n                     <h2 class=\"title\">\r\n               <span><h1>Alquiler y venta de oficinas en Murcia: lleve a su empresa al siguiente nivel<\/h1><\/span>\r\n            <\/h2>\r\n                  \r\n         \r\n      <\/div>\r\n   <\/div>\r\n   <div class=\"clearfix\"><\/div>\r\n<\/div>\t\t<\/div>\n\t\t\t\t<\/div>\n\t\t\t\t<div class=\"elementor-element elementor-element-3569a57d elementor-widget elementor-widget-text-editor\" data-id=\"3569a57d\" data-element_type=\"widget\" data-widget_type=\"text-editor.default\">\n\t\t\t\t<div class=\"elementor-widget-container\">\n\t\t\t<style>\/*! elementor - v3.18.0 - 08-12-2023 *\/\n.elementor-widget-text-editor.elementor-drop-cap-view-stacked .elementor-drop-cap{background-color:#69727d;color:#fff}.elementor-widget-text-editor.elementor-drop-cap-view-framed .elementor-drop-cap{color:#69727d;border:3px solid;background-color:transparent}.elementor-widget-text-editor:not(.elementor-drop-cap-view-default) .elementor-drop-cap{margin-top:8px}.elementor-widget-text-editor:not(.elementor-drop-cap-view-default) .elementor-drop-cap-letter{width:1em;height:1em}.elementor-widget-text-editor .elementor-drop-cap{float:left;text-align:center;line-height:1;font-size:50px}.elementor-widget-text-editor .elementor-drop-cap-letter{display:inline-block}<\/style>\t\t\t\t<p>Presentamos un servicio especializado en el alquiler y venta de oficinas, proporcionando a las empresas la oportunidad de asegurar ubicaciones estrat\u00e9gicas para su crecimiento y desarrollo. Nuestra dedicaci\u00f3n a la excelencia y enfoque centrado en el cliente convierten la b\u00fasqueda y adquisici\u00f3n de oficinas en una experiencia efectiva y orientada al \u00e9xito.<br \/>Nuestra cartera abarca una diversidad de opciones para el alquiler y venta de oficinas en Murcia, dise\u00f1adas para satisfacer las necesidades espec\u00edficas de empresas de todos los tama\u00f1os y sectores. Desde modernos espacios de trabajo compartido hasta oficinas ejecutivas en ubicaciones privilegiadas, nos esforzamos por ofrecer opciones que se alineen con la visi\u00f3n y los objetivos de nuestros clientes empresariales.<\/p>\t\t\t\t\t\t<\/div>\n\t\t\t\t<\/div>\n\t\t\t\t<div class=\"elementor-element elementor-element-363a0cbb elementor-widget elementor-widget-heading\" data-id=\"363a0cbb\" data-element_type=\"widget\" data-widget_type=\"heading.default\">\n\t\t\t\t<div class=\"elementor-widget-container\">\n\t\t\t<style>\/*! elementor - v3.18.0 - 08-12-2023 *\/\n.elementor-heading-title{padding:0;margin:0;line-height:1}.elementor-widget-heading .elementor-heading-title[class*=elementor-size-]>a{color:inherit;font-size:inherit;line-height:inherit}.elementor-widget-heading .elementor-heading-title.elementor-size-small{font-size:15px}.elementor-widget-heading .elementor-heading-title.elementor-size-medium{font-size:19px}.elementor-widget-heading .elementor-heading-title.elementor-size-large{font-size:29px}.elementor-widget-heading .elementor-heading-title.elementor-size-xl{font-size:39px}.elementor-widget-heading .elementor-heading-title.elementor-size-xxl{font-size:59px}<\/style><h2 class=\"elementor-heading-title elementor-size-large\">Asesoramiento profesional y capacidad para satisfacer tus necesidades<\/h2>\t\t<\/div>\n\t\t\t\t<\/div>\n\t\t\t\t<div class=\"elementor-element elementor-element-45fa960 elementor-widget elementor-widget-text-editor\" data-id=\"45fa960\" data-element_type=\"widget\" data-widget_type=\"text-editor.default\">\n\t\t\t\t<div class=\"elementor-widget-container\">\n\t\t\t\t\t\t\t<p>Nuestro equipo de expertos en alquiler y venta de oficinas en Murcia se compromete a ofrecer asesoramiento profesional en cada etapa del proceso. Desde la selecci\u00f3n de la oficina ideal hasta la negociaci\u00f3n de t\u00e9rminos contractuales favorables, estamos aqu\u00ed para guiar a las empresas y asegurar que tomen decisiones informadas que impulsen su \u00e9xito corporativo.<br \/>Reconocemos la diversidad de las necesidades empresariales, y nuestras opciones de alquiler y venta de oficinas son adaptables para satisfacer diferentes requisitos corporativos. Nos esforzamos por ofrecer flexibilidad en t\u00e9rminos de tama\u00f1o, dise\u00f1o y caracter\u00edsticas de la oficina, asegurando que cada espacio se ajuste perfectamente a la identidad y operaciones de la empresa.<\/p>\t\t\t\t\t\t<\/div>\n\t\t\t\t<\/div>\n\t\t\t\t\t<\/div>\n\t\t\t\t<\/div>\n\t\t\t\t<section class=\"elementor-section elementor-top-section elementor-element elementor-element-7814d106 elementor-section-boxed elementor-section-height-default elementor-section-height-default\" data-id=\"7814d106\" data-element_type=\"section\" data-settings=\"{&quot;background_background&quot;:&quot;classic&quot;}\">\n\t\t\t\t\t\t<div class=\"elementor-container elementor-column-gap-default\">\n\t\t\t\t\t<div class=\"elementor-column elementor-col-50 elementor-top-column elementor-element elementor-element-1e8fd2df column-style-top\" data-id=\"1e8fd2df\" data-element_type=\"column\">\n\t\t\t<div class=\"elementor-widget-wrap elementor-element-populated\">\n\t\t\t\t\t\t\t\t<div class=\"elementor-element elementor-element-58aee0a4 elementor-widget elementor-widget-gva-heading-block\" data-id=\"58aee0a4\" data-element_type=\"widget\" data-widget_type=\"gva-heading-block.default\">\n\t\t\t\t<div class=\"elementor-widget-container\">\n\t\t\t<div class=\"gva-element-gva-heading-block gva-element\">   <div class=\"align-left style-1 widget gsc-heading\">\r\n      <div class=\"content-inner\">\r\n         \r\n                  \r\n           \r\n         \r\n                     <h2 class=\"title\">\r\n               <span>Contacta con nosotros <\/span>\r\n            <\/h2>\r\n                              <div class=\"title-desc\">Rellene este formulario y, nos pondremos en contacto con usted pronto.<\/div>\r\n         \r\n         \r\n      <\/div>\r\n   <\/div>\r\n   <div class=\"clearfix\"><\/div>\r\n<\/div>\t\t<\/div>\n\t\t\t\t<\/div>\n\t\t\t\t<div class=\"elementor-element elementor-element-2c2829a0 elementor-widget elementor-widget-shortcode\" data-id=\"2c2829a0\" data-element_type=\"widget\" data-widget_type=\"shortcode.default\">\n\t\t\t\t<div class=\"elementor-widget-container\">\n\t\t\t\t\t<div class=\"elementor-shortcode\">\n<div class=\"wpcf7 no-js\" id=\"wpcf7-f236-o1\" lang=\"en-US\" dir=\"ltr\">\n<div class=\"screen-reader-response\"><p role=\"status\" aria-live=\"polite\" aria-atomic=\"true\"><\/p> <ul><\/ul><\/div>\n<form action=\"\/index.php\/wp-json\/wp\/v2\/pages\/8718#wpcf7-f236-o1\" method=\"post\" class=\"wpcf7-form init\" aria-label=\"Contact form\" novalidate=\"novalidate\" data-status=\"init\">\n<div style=\"display: none;\">\n<input type=\"hidden\" name=\"_wpcf7\" value=\"236\" \/>\n<input type=\"hidden\" name=\"_wpcf7_version\" value=\"5.8.5\" \/>\n<input type=\"hidden\" name=\"_wpcf7_locale\" value=\"en_US\" \/>\n<input type=\"hidden\" name=\"_wpcf7_unit_tag\" value=\"wpcf7-f236-o1\" \/>\n<input type=\"hidden\" name=\"_wpcf7_container_post\" value=\"0\" \/>\n<input type=\"hidden\" name=\"_wpcf7_posted_data_hash\" value=\"\" \/>\n<\/div>\n<div class=\"row\">\n\t<div class=\"col-sm-6 col-xs-12\">\n\t\t<p><span class=\"wpcf7-form-control-wrap\" data-name=\"your-name\"><input size=\"40\" class=\"wpcf7-form-control wpcf7-text wpcf7-validates-as-required\" aria-required=\"true\" aria-invalid=\"false\" placeholder=\"Nombre y Apellidos*\" value=\"\" type=\"text\" name=\"your-name\" \/><\/span>\n\t\t<\/p>\n\t<\/div>\n\t<div class=\"col-sm-6 col-xs-12\">\n\t\t<p><span class=\"wpcf7-form-control-wrap\" data-name=\"your-email\"><input size=\"40\" class=\"wpcf7-form-control wpcf7-email wpcf7-validates-as-required wpcf7-text wpcf7-validates-as-email\" aria-required=\"true\" aria-invalid=\"false\" placeholder=\"Correo Electr\u00f3nico*\" value=\"\" type=\"email\" name=\"your-email\" \/><\/span>\n\t\t<\/p>\n\t<\/div>\n\t<div class=\"col-sm-12 col-xs-12\">\n\t\t<p><span class=\"wpcf7-form-control-wrap\" data-name=\"your-message\"><textarea cols=\"40\" rows=\"10\" class=\"wpcf7-form-control wpcf7-textarea\" aria-invalid=\"false\" placeholder=\"Mensaje\" name=\"your-message\"><\/textarea><\/span>\n\t\t<\/p>\n\t<\/div>\n<\/div>\n<div class=\"col-sm-12 col-xs-12 action text-center\">\n\t<p><input class=\"wpcf7-form-control wpcf7-submit has-spinner\" type=\"submit\" value=\"Enviar mensaje\" \/>\n\t<\/p>\n<\/div>\n<p style=\"display: none !important;\" class=\"akismet-fields-container\" data-prefix=\"_wpcf7_ak_\"><label>&#916;<textarea name=\"_wpcf7_ak_hp_textarea\" cols=\"45\" rows=\"8\" maxlength=\"100\"><\/textarea><\/label><input type=\"hidden\" id=\"ak_js_1\" name=\"_wpcf7_ak_js\" value=\"168\"\/><script>document.getElementById( \"ak_js_1\" ).setAttribute( \"value\", ( new Date() ).getTime() );<\/script><\/p><div class=\"wpcf7-response-output\" aria-hidden=\"true\"><\/div>\n<\/form>\n<\/div>\n<\/div>\n\t\t\t\t<\/div>\n\t\t\t\t<\/div>\n\t\t\t\t\t<\/div>\n\t\t<\/div>\n\t\t\t\t<div class=\"elementor-column elementor-col-50 elementor-top-column elementor-element elementor-element-5a72580e column-style-top\" data-id=\"5a72580e\" data-element_type=\"column\">\n\t\t\t<div class=\"elementor-widget-wrap elementor-element-populated\">\n\t\t\t\t\t\t\t\t<section class=\"elementor-section elementor-inner-section elementor-element elementor-element-55df24d5 elementor-section-boxed elementor-section-height-default elementor-section-height-default\" data-id=\"55df24d5\" data-element_type=\"section\">\n\t\t\t\t\t\t<div class=\"elementor-container elementor-column-gap-default\">\n\t\t\t\t\t<div class=\"elementor-column elementor-col-50 elementor-inner-column elementor-element elementor-element-3d2c7551 column-style-top\" data-id=\"3d2c7551\" data-element_type=\"column\">\n\t\t\t<div class=\"elementor-widget-wrap elementor-element-populated\">\n\t\t\t\t\t\t\t\t<div class=\"elementor-element elementor-element-18c780b3 elementor-widget elementor-widget-image\" data-id=\"18c780b3\" data-element_type=\"widget\" data-widget_type=\"image.default\">\n\t\t\t\t<div class=\"elementor-widget-container\">\n\t\t\t<style>\/*! elementor - v3.18.0 - 08-12-2023 *\/\n.elementor-widget-image{text-align:center}.elementor-widget-image a{display:inline-block}.elementor-widget-image a img[src$=\".svg\"]{width:48px}.elementor-widget-image img{vertical-align:middle;display:inline-block}<\/style>\t\t\t\t\t\t\t\t\t\t\t\t<img fetchpriority=\"high\" decoding=\"async\" width=\"900\" height=\"600\" src=\"https:\/\/apslretail.com\/wp-content\/uploads\/2023\/12\/mbr-6-1024x683.jpg\" class=\"attachment-large size-large wp-image-8417\" alt=\"inmobiliaria retail en murcia\" \/>\t\t\t\t\t\t\t\t\t\t\t\t\t\t\t<\/div>\n\t\t\t\t<\/div>\n\t\t\t\t\t<\/div>\n\t\t<\/div>\n\t\t\t\t<div class=\"elementor-column elementor-col-50 elementor-inner-column elementor-element elementor-element-216bfb29 column-style-top\" data-id=\"216bfb29\" data-element_type=\"column\">\n\t\t\t<div class=\"elementor-widget-wrap elementor-element-populated\">\n\t\t\t\t\t\t\t\t<div class=\"elementor-element elementor-element-2ab7a849 elementor-widget elementor-widget-image\" data-id=\"2ab7a849\" data-element_type=\"widget\" data-widget_type=\"image.default\">\n\t\t\t\t<div class=\"elementor-widget-container\">\n\t\t\t\t\t\t\t\t\t\t\t\t\t\t\t<img decoding=\"async\" width=\"683\" height=\"1024\" src=\"https:\/\/apslretail.com\/wp-content\/uploads\/2023\/12\/parque-industrial-edificio-fabrica-almacen-3-683x1024.jpg\" class=\"attachment-large size-large wp-image-8418\" alt=\"\" \/>\t\t\t\t\t\t\t\t\t\t\t\t\t\t\t<\/div>\n\t\t\t\t<\/div>\n\t\t\t\t\t<\/div>\n\t\t<\/div>\n\t\t\t\t\t\t\t<\/div>\n\t\t<\/section>\n\t\t\t\t<section class=\"elementor-section elementor-inner-section elementor-element elementor-element-32493ac0 elementor-section-boxed elementor-section-height-default elementor-section-height-default\" data-id=\"32493ac0\" data-element_type=\"section\">\n\t\t\t\t\t\t<div class=\"elementor-container elementor-column-gap-default\">\n\t\t\t\t\t<div class=\"elementor-column elementor-col-100 elementor-inner-column elementor-element elementor-element-573be1d6 column-style-top\" data-id=\"573be1d6\" data-element_type=\"column\">\n\t\t\t<div class=\"elementor-widget-wrap elementor-element-populated\">\n\t\t\t\t\t\t\t\t<div class=\"elementor-element elementor-element-26b7bc39 elementor-widget elementor-widget-image\" data-id=\"26b7bc39\" data-element_type=\"widget\" data-widget_type=\"image.default\">\n\t\t\t\t<div class=\"elementor-widget-container\">\n\t\t\t\t\t\t\t\t\t\t\t\t\t\t\t<img decoding=\"async\" width=\"900\" height=\"521\" src=\"https:\/\/apslretail.com\/wp-content\/uploads\/2023\/12\/home-contacta-3.png\" class=\"attachment-large size-large wp-image-8422\" alt=\"\" \/>\t\t\t\t\t\t\t\t\t\t\t\t\t\t\t<\/div>\n\t\t\t\t<\/div>\n\t\t\t\t\t<\/div>\n\t\t<\/div>\n\t\t\t\t\t\t\t<\/div>\n\t\t<\/section>\n\t\t\t\t\t<\/div>\n\t\t<\/div>\n\t\t\t\t\t\t\t<\/div>\n\t\t<\/section>\n\t\t\t\t\t\t\t<\/div>\n\t\t","protected":false},"excerpt":{"rendered":"<p>Alquiler y venta de oficinas en Murcia: lleve a su empresa al siguiente nivel Presentamos un servicio especializado en el alquiler y venta de oficinas, proporcionando a las empresas la [&hellip;]<\/p>\n","protected":false},"author":1,"featured_media":0,"parent":0,"menu_order":0,"comment_status":"closed","ping_status":"closed","template":"","meta":{"footnotes":""},"class_list":["post-8718","page","type-page","status-publish","hentry"],"yoast_head":"<!-- This site is optimized with the Yoast SEO plugin v21.8 - https:\/\/yoast.com\/wordpress\/plugins\/seo\/ -->\n<title>\u226b Alquiler y Venta de Oficinas | \u3010APSL RETAIL\u3011<\/title>\n<meta name=\"description\" content=\"Expertos en el alquiler y venta de oficinas en Murcia \u2b50 Gracias a nuestro asesoramiento y experiencia encontrar\u00e1s la oficina que necesitas\" \/>\n<meta name=\"robots\" content=\"index, follow, max-snippet:-1, max-image-preview:large, max-video-preview:-1\" \/>\n<link rel=\"canonical\" href=\"https:\/\/apslretail.com\/index.php\/alquiler-venta-oficinas\/\" \/>\n<meta property=\"og:locale\" content=\"es_ES\" \/>\n<meta property=\"og:type\" content=\"article\" \/>\n<meta property=\"og:title\" content=\"\u226b Alquiler y Venta de Oficinas | \u3010APSL RETAIL\u3011\" \/>\n<meta property=\"og:description\" content=\"Expertos en el alquiler y venta de oficinas en Murcia \u2b50 Gracias a nuestro asesoramiento y experiencia encontrar\u00e1s la oficina que necesitas\" \/>\n<meta property=\"og:url\" content=\"https:\/\/apslretail.com\/index.php\/alquiler-venta-oficinas\/\" \/>\n<meta property=\"og:site_name\" content=\"AP S.L. Retail\" \/>\n<meta property=\"article:modified_time\" content=\"2024-01-15T09:46:43+00:00\" \/>\n<meta property=\"og:image\" content=\"http:\/\/apslretail.com\/wp-content\/uploads\/2023\/12\/mbr-6-1024x683.jpg\" \/>\n<meta name=\"twitter:card\" content=\"summary_large_image\" \/>\n<meta name=\"twitter:label1\" content=\"Tiempo de lectura\" \/>\n\t<meta name=\"twitter:data1\" content=\"2 minutos\" \/>\n<script type=\"application\/ld+json\" class=\"yoast-schema-graph\">{\"@context\":\"https:\/\/schema.org\",\"@graph\":[{\"@type\":\"WebPage\",\"@id\":\"https:\/\/apslretail.com\/index.php\/alquiler-venta-oficinas\/\",\"url\":\"https:\/\/apslretail.com\/index.php\/alquiler-venta-oficinas\/\",\"name\":\"\u226b Alquiler y Venta de Oficinas | \u3010APSL RETAIL\u3011\",\"isPartOf\":{\"@id\":\"http:\/\/apslretail.com\/#website\"},\"datePublished\":\"2023-12-13T11:47:06+00:00\",\"dateModified\":\"2024-01-15T09:46:43+00:00\",\"description\":\"Expertos en el alquiler y venta de oficinas en Murcia \u2b50 Gracias a nuestro asesoramiento y experiencia encontrar\u00e1s la oficina que necesitas\",\"breadcrumb\":{\"@id\":\"https:\/\/apslretail.com\/index.php\/alquiler-venta-oficinas\/#breadcrumb\"},\"inLanguage\":\"es\",\"potentialAction\":[{\"@type\":\"ReadAction\",\"target\":[\"https:\/\/apslretail.com\/index.php\/alquiler-venta-oficinas\/\"]}]},{\"@type\":\"BreadcrumbList\",\"@id\":\"https:\/\/apslretail.com\/index.php\/alquiler-venta-oficinas\/#breadcrumb\",\"itemListElement\":[{\"@type\":\"ListItem\",\"position\":1,\"name\":\"Portada\",\"item\":\"http:\/\/apslretail.com\/\"},{\"@type\":\"ListItem\",\"position\":2,\"name\":\"Alquiler\u00a0\u2013 Venta Oficinas\"}]},{\"@type\":\"WebSite\",\"@id\":\"http:\/\/apslretail.com\/#website\",\"url\":\"http:\/\/apslretail.com\/\",\"name\":\"AP S.L. Retail\",\"description\":\"\",\"publisher\":{\"@id\":\"http:\/\/apslretail.com\/#organization\"},\"potentialAction\":[{\"@type\":\"SearchAction\",\"target\":{\"@type\":\"EntryPoint\",\"urlTemplate\":\"http:\/\/apslretail.com\/?s={search_term_string}\"},\"query-input\":\"required name=search_term_string\"}],\"inLanguage\":\"es\"},{\"@type\":\"Organization\",\"@id\":\"http:\/\/apslretail.com\/#organization\",\"name\":\"AP S.L. Retail\",\"url\":\"http:\/\/apslretail.com\/\",\"logo\":{\"@type\":\"ImageObject\",\"inLanguage\":\"es\",\"@id\":\"http:\/\/apslretail.com\/#\/schema\/logo\/image\/\",\"url\":\"https:\/\/apslretail.com\/wp-content\/uploads\/2023\/11\/mbr-1.png\",\"contentUrl\":\"https:\/\/apslretail.com\/wp-content\/uploads\/2023\/11\/mbr-1.png\",\"width\":1536,\"height\":864,\"caption\":\"AP S.L. Retail\"},\"image\":{\"@id\":\"http:\/\/apslretail.com\/#\/schema\/logo\/image\/\"}}]}<\/script>\n<!-- \/ Yoast SEO plugin. -->","yoast_head_json":{"title":"\u226b Alquiler y Venta de Oficinas | \u3010APSL RETAIL\u3011","description":"Expertos en el alquiler y venta de oficinas en Murcia \u2b50 Gracias a nuestro asesoramiento y experiencia encontrar\u00e1s la oficina que necesitas","robots":{"index":"index","follow":"follow","max-snippet":"max-snippet:-1","max-image-preview":"max-image-preview:large","max-video-preview":"max-video-preview:-1"},"canonical":"https:\/\/apslretail.com\/index.php\/alquiler-venta-oficinas\/","og_locale":"es_ES","og_type":"article","og_title":"\u226b Alquiler y Venta de Oficinas | \u3010APSL RETAIL\u3011","og_description":"Expertos en el alquiler y venta de oficinas en Murcia \u2b50 Gracias a nuestro asesoramiento y experiencia encontrar\u00e1s la oficina que necesitas","og_url":"https:\/\/apslretail.com\/index.php\/alquiler-venta-oficinas\/","og_site_name":"AP S.L. Retail","article_modified_time":"2024-01-15T09:46:43+00:00","og_image":[{"url":"http:\/\/apslretail.com\/wp-content\/uploads\/2023\/12\/mbr-6-1024x683.jpg"}],"twitter_card":"summary_large_image","twitter_misc":{"Tiempo de lectura":"2 minutos"},"schema":{"@context":"https:\/\/schema.org","@graph":[{"@type":"WebPage","@id":"https:\/\/apslretail.com\/index.php\/alquiler-venta-oficinas\/","url":"https:\/\/apslretail.com\/index.php\/alquiler-venta-oficinas\/","name":"\u226b Alquiler y Venta de Oficinas | \u3010APSL RETAIL\u3011","isPartOf":{"@id":"http:\/\/apslretail.com\/#website"},"datePublished":"2023-12-13T11:47:06+00:00","dateModified":"2024-01-15T09:46:43+00:00","description":"Expertos en el alquiler y venta de oficinas en Murcia \u2b50 Gracias a nuestro asesoramiento y experiencia encontrar\u00e1s la oficina que necesitas","breadcrumb":{"@id":"https:\/\/apslretail.com\/index.php\/alquiler-venta-oficinas\/#breadcrumb"},"inLanguage":"es","potentialAction":[{"@type":"ReadAction","target":["https:\/\/apslretail.com\/index.php\/alquiler-venta-oficinas\/"]}]},{"@type":"BreadcrumbList","@id":"https:\/\/apslretail.com\/index.php\/alquiler-venta-oficinas\/#breadcrumb","itemListElement":[{"@type":"ListItem","position":1,"name":"Portada","item":"http:\/\/apslretail.com\/"},{"@type":"ListItem","position":2,"name":"Alquiler\u00a0\u2013 Venta Oficinas"}]},{"@type":"WebSite","@id":"http:\/\/apslretail.com\/#website","url":"http:\/\/apslretail.com\/","name":"AP S.L. Retail","description":"","publisher":{"@id":"http:\/\/apslretail.com\/#organization"},"potentialAction":[{"@type":"SearchAction","target":{"@type":"EntryPoint","urlTemplate":"http:\/\/apslretail.com\/?s={search_term_string}"},"query-input":"required name=search_term_string"}],"inLanguage":"es"},{"@type":"Organization","@id":"http:\/\/apslretail.com\/#organization","name":"AP S.L. Retail","url":"http:\/\/apslretail.com\/","logo":{"@type":"ImageObject","inLanguage":"es","@id":"http:\/\/apslretail.com\/#\/schema\/logo\/image\/","url":"https:\/\/apslretail.com\/wp-content\/uploads\/2023\/11\/mbr-1.png","contentUrl":"https:\/\/apslretail.com\/wp-content\/uploads\/2023\/11\/mbr-1.png","width":1536,"height":864,"caption":"AP S.L. Retail"},"image":{"@id":"http:\/\/apslretail.com\/#\/schema\/logo\/image\/"}}]}},"_links":{"self":[{"href":"https:\/\/apslretail.com\/index.php\/wp-json\/wp\/v2\/pages\/8718","targetHints":{"allow":["GET"]}}],"collection":[{"href":"https:\/\/apslretail.com\/index.php\/wp-json\/wp\/v2\/pages"}],"about":[{"href":"https:\/\/apslretail.com\/index.php\/wp-json\/wp\/v2\/types\/page"}],"author":[{"embeddable":true,"href":"https:\/\/apslretail.com\/index.php\/wp-json\/wp\/v2\/users\/1"}],"replies":[{"embeddable":true,"href":"https:\/\/apslretail.com\/index.php\/wp-json\/wp\/v2\/comments?post=8718"}],"version-history":[{"count":7,"href":"https:\/\/apslretail.com\/index.php\/wp-json\/wp\/v2\/pages\/8718\/revisions"}],"predecessor-version":[{"id":9051,"href":"https:\/\/apslretail.com\/index.php\/wp-json\/wp\/v2\/pages\/8718\/revisions\/9051"}],"wp:attachment":[{"href":"https:\/\/apslretail.com\/index.php\/wp-json\/wp\/v2\/media?parent=8718"}],"curies":[{"name":"wp","href":"https:\/\/api.w.org\/{rel}","templated":true}]}}