{"id":8400,"date":"2023-12-07T11:47:23","date_gmt":"2023-12-07T11:47:23","guid":{"rendered":"https:\/\/apslretail.com\/?page_id=8400"},"modified":"2024-01-15T09:29:16","modified_gmt":"2024-01-15T09:29:16","slug":"alquiler-venta-naves-escaparate","status":"publish","type":"page","link":"https:\/\/apslretail.com\/index.php\/alquiler-venta-naves-escaparate\/","title":{"rendered":"Alquiler \u2013 Venta Naves Escaparate"},"content":{"rendered":"\t\t<div data-elementor-type=\"wp-page\" data-elementor-id=\"8400\" class=\"elementor elementor-8400\">\n\t\t\t\t\t\t\t<div class=\"elementor-element elementor-element-bddeebf e-flex e-con-boxed e-con e-parent\" data-id=\"bddeebf\" data-element_type=\"container\" data-settings=\"{&quot;content_width&quot;:&quot;boxed&quot;}\" data-core-v316-plus=\"true\">\n\t\t\t\t\t<div class=\"e-con-inner\">\n\t\t\t\t<div class=\"elementor-element elementor-element-3e3d938 elementor-widget elementor-widget-gva-heading-block\" data-id=\"3e3d938\" data-element_type=\"widget\" data-widget_type=\"gva-heading-block.default\">\n\t\t\t\t<div class=\"elementor-widget-container\">\n\t\t\t<div class=\"gva-element-gva-heading-block gva-element\">   <div class=\"align-center style-1 widget gsc-heading\">\r\n      <div class=\"content-inner\">\r\n         \r\n                  \r\n           \r\n         \r\n                     <h2 class=\"title\">\r\n               <span><h1>Descubre nuestro servicio de alquiler y venta de naves escaparates<\/h1><\/span>\r\n            <\/h2>\r\n                  \r\n         \r\n      <\/div>\r\n   <\/div>\r\n   <div class=\"clearfix\"><\/div>\r\n<\/div>\t\t<\/div>\n\t\t\t\t<\/div>\n\t\t\t\t<div class=\"elementor-element elementor-element-2aa4055 elementor-widget elementor-widget-text-editor\" data-id=\"2aa4055\" data-element_type=\"widget\" data-widget_type=\"text-editor.default\">\n\t\t\t\t<div class=\"elementor-widget-container\">\n\t\t\t<style>\/*! elementor - v3.18.0 - 08-12-2023 *\/\n.elementor-widget-text-editor.elementor-drop-cap-view-stacked .elementor-drop-cap{background-color:#69727d;color:#fff}.elementor-widget-text-editor.elementor-drop-cap-view-framed .elementor-drop-cap{color:#69727d;border:3px solid;background-color:transparent}.elementor-widget-text-editor:not(.elementor-drop-cap-view-default) .elementor-drop-cap{margin-top:8px}.elementor-widget-text-editor:not(.elementor-drop-cap-view-default) .elementor-drop-cap-letter{width:1em;height:1em}.elementor-widget-text-editor .elementor-drop-cap{float:left;text-align:center;line-height:1;font-size:50px}.elementor-widget-text-editor .elementor-drop-cap-letter{display:inline-block}<\/style>\t\t\t\t<p><span style=\"font-weight: 400;\">Ofrecemos un servicio especializado en el alquiler y venta de naves escaparates, brindando a nuestros clientes <\/span><b>oportunidades \u00fanicas<\/b><span style=\"font-weight: 400;\"> para destacar y prosperar en el mercado. Nuestra dedicaci\u00f3n a la excelencia y nuestro enfoque centrado en el cliente convierten la b\u00fasqueda y adquisici\u00f3n de estos espacios en una experiencia fluida y exitosa.<\/span><\/p><p><span style=\"font-weight: 400;\">Ya sea que busque expandir su presencia comercial o establecer un nuevo punto de venta, nuestra cartera de alquiler y venta de naves escaparates en Murcia ofrece una amplia variedad de opciones <\/span><b>adaptadas a diversas necesidades empresariales<\/b><span style=\"font-weight: 400;\">. Desde naves con ubicaciones estrat\u00e9gicas en zonas de alto tr\u00e1fico hasta espacios vers\u00e1tiles para exhibir sus productos, estamos comprometidos a proporcionar opciones que impulsen su visibilidad y atraigan a su audiencia objetivo.<\/span><\/p>\t\t\t\t\t\t<\/div>\n\t\t\t\t<\/div>\n\t\t\t\t<div class=\"elementor-element elementor-element-8438dba elementor-widget elementor-widget-heading\" data-id=\"8438dba\" data-element_type=\"widget\" data-widget_type=\"heading.default\">\n\t\t\t\t<div class=\"elementor-widget-container\">\n\t\t\t<style>\/*! elementor - v3.18.0 - 08-12-2023 *\/\n.elementor-heading-title{padding:0;margin:0;line-height:1}.elementor-widget-heading .elementor-heading-title[class*=elementor-size-]>a{color:inherit;font-size:inherit;line-height:inherit}.elementor-widget-heading .elementor-heading-title.elementor-size-small{font-size:15px}.elementor-widget-heading .elementor-heading-title.elementor-size-medium{font-size:19px}.elementor-widget-heading .elementor-heading-title.elementor-size-large{font-size:29px}.elementor-widget-heading .elementor-heading-title.elementor-size-xl{font-size:39px}.elementor-widget-heading .elementor-heading-title.elementor-size-xxl{font-size:59px}<\/style><h2 class=\"elementor-heading-title elementor-size-large\">Alquiler y venta de nave escaparates en Murcia<\/h2>\t\t<\/div>\n\t\t\t\t<\/div>\n\t\t\t\t<div class=\"elementor-element elementor-element-5fc8bc8 elementor-widget elementor-widget-text-editor\" data-id=\"5fc8bc8\" data-element_type=\"widget\" data-widget_type=\"text-editor.default\">\n\t\t\t\t<div class=\"elementor-widget-container\">\n\t\t\t\t\t\t\t<p><span style=\"font-weight: 400;\">Entendemos la importancia de la ubicaci\u00f3n en el \u00e9xito comercial. Nuestras naves escaparates se encuentran <\/span><b>estrat\u00e9gicamente ubicadas<\/b><span style=\"font-weight: 400;\">, permiti\u00e9ndole acceder a mercados clave y maximizar su alcance. Ya sea en el coraz\u00f3n del centro urbano o en \u00e1reas emergentes con potencial de crecimiento, le ofrecemos oportunidades inigualables para establecer su presencia y captar la atenci\u00f3n de su p\u00fablico objetivo.<\/span><\/p><p><span style=\"font-weight: 400;\">Nuestro equipo de expertos en el alquiler y venta de naves escaparates en Murcia est\u00e1 dedicado a <\/span><b>proporcionar asesoramiento profesional<\/b> <b>y orientaci\u00f3n<\/b><span style=\"font-weight: 400;\"> durante todo el proceso. Contacta con nosotros si quieres disfrutar del mejor servicio profesional y asesoramiento personalizado.<\/span><\/p>\t\t\t\t\t\t<\/div>\n\t\t\t\t<\/div>\n\t\t\t\t<div class=\"elementor-element elementor-element-cedbd8a elementor-widget elementor-widget-text-editor\" data-id=\"cedbd8a\" data-element_type=\"widget\" data-widget_type=\"text-editor.default\">\n\t\t\t\t<div class=\"elementor-widget-container\">\n\t\t\t\t\t\t\t<p><span style=\"font-weight: 400;\">En el competitivo mercado inmobiliario, contar con un servicio inmobiliario profesional se vuelve esencial para garantizar <\/span><b>transacciones exitosas y satisfacci\u00f3n del cliente<\/b><span style=\"font-weight: 400;\">. Nuestro compromiso con la excelencia en el servicio inmobiliario profesional en Murcia va m\u00e1s all\u00e1 de la simple intermediaci\u00f3n de propiedades; nos esforzamos por brindar una <\/span><b>experiencia \u00fanica y personalizada<\/b><span style=\"font-weight: 400;\">, especialmente dise\u00f1ada para satisfacer las necesidades del <\/span><b>sector retail.<\/b><\/p><p><span style=\"font-weight: 400;\">Nuestra empresa de servicios inmobiliarios profesionales cuenta con un equipo de expertos locales en Murcia, con un profundo conocimiento del mercado inmobiliario retail en la regi\u00f3n. Estamos comprometidos con entender las din\u00e1micas espec\u00edficas del sector, identificar oportunidades y anticipar las tendencias, ofreciendo a nuestros clientes <\/span><b>una ventaja estrat\u00e9gica en sus decisiones comerciales<\/b><span style=\"font-weight: 400;\">.<\/span><\/p><p><span style=\"font-weight: 400;\">En un mundo cada vez m\u00e1s digital, <\/span><b>aprovechamos las \u00faltimas tecnolog\u00edas<\/b><span style=\"font-weight: 400;\"> para mejorar la eficiencia y la visibilidad de nuestras operaciones. Estamos a la vanguardia de la innovaci\u00f3n tecnol\u00f3gica para maximizar el alcance y la efectividad de nuestros servicios inmobiliarios profesionales en Murcia.<\/span><\/p>\t\t\t\t\t\t<\/div>\n\t\t\t\t<\/div>\n\t\t\t\t\t<\/div>\n\t\t\t\t<\/div>\n\t\t\t\t<section class=\"elementor-section elementor-top-section elementor-element elementor-element-6af683c elementor-section-boxed elementor-section-height-default elementor-section-height-default\" data-id=\"6af683c\" data-element_type=\"section\" data-settings=\"{&quot;background_background&quot;:&quot;classic&quot;}\">\n\t\t\t\t\t\t<div class=\"elementor-container elementor-column-gap-default\">\n\t\t\t\t\t<div class=\"elementor-column elementor-col-50 elementor-top-column elementor-element elementor-element-af9feec column-style-top\" data-id=\"af9feec\" data-element_type=\"column\">\n\t\t\t<div class=\"elementor-widget-wrap elementor-element-populated\">\n\t\t\t\t\t\t\t\t<div class=\"elementor-element elementor-element-c11c360 elementor-widget elementor-widget-gva-heading-block\" data-id=\"c11c360\" data-element_type=\"widget\" data-widget_type=\"gva-heading-block.default\">\n\t\t\t\t<div class=\"elementor-widget-container\">\n\t\t\t<div class=\"gva-element-gva-heading-block gva-element\">   <div class=\"align-left style-1 widget gsc-heading\">\r\n      <div class=\"content-inner\">\r\n         \r\n                  \r\n           \r\n         \r\n                     <h2 class=\"title\">\r\n               <span>Contacta con nosotros <\/span>\r\n            <\/h2>\r\n                              <div class=\"title-desc\">Rellene este formulario y, nos pondremos en contacto con usted pronto.<\/div>\r\n         \r\n         \r\n      <\/div>\r\n   <\/div>\r\n   <div class=\"clearfix\"><\/div>\r\n<\/div>\t\t<\/div>\n\t\t\t\t<\/div>\n\t\t\t\t<div class=\"elementor-element elementor-element-925f6bf elementor-widget elementor-widget-shortcode\" data-id=\"925f6bf\" data-element_type=\"widget\" data-widget_type=\"shortcode.default\">\n\t\t\t\t<div class=\"elementor-widget-container\">\n\t\t\t\t\t<div class=\"elementor-shortcode\">\n<div class=\"wpcf7 no-js\" id=\"wpcf7-f236-o1\" lang=\"en-US\" dir=\"ltr\">\n<div class=\"screen-reader-response\"><p role=\"status\" aria-live=\"polite\" aria-atomic=\"true\"><\/p> <ul><\/ul><\/div>\n<form action=\"\/index.php\/wp-json\/wp\/v2\/pages\/8400#wpcf7-f236-o1\" method=\"post\" class=\"wpcf7-form init\" aria-label=\"Contact form\" novalidate=\"novalidate\" data-status=\"init\">\n<div style=\"display: none;\">\n<input type=\"hidden\" name=\"_wpcf7\" value=\"236\" \/>\n<input type=\"hidden\" name=\"_wpcf7_version\" value=\"5.8.5\" \/>\n<input type=\"hidden\" name=\"_wpcf7_locale\" value=\"en_US\" \/>\n<input type=\"hidden\" name=\"_wpcf7_unit_tag\" value=\"wpcf7-f236-o1\" \/>\n<input type=\"hidden\" name=\"_wpcf7_container_post\" value=\"0\" \/>\n<input type=\"hidden\" name=\"_wpcf7_posted_data_hash\" value=\"\" \/>\n<\/div>\n<div class=\"row\">\n\t<div class=\"col-sm-6 col-xs-12\">\n\t\t<p><span class=\"wpcf7-form-control-wrap\" data-name=\"your-name\"><input size=\"40\" class=\"wpcf7-form-control wpcf7-text wpcf7-validates-as-required\" aria-required=\"true\" aria-invalid=\"false\" placeholder=\"Nombre y Apellidos*\" value=\"\" type=\"text\" name=\"your-name\" \/><\/span>\n\t\t<\/p>\n\t<\/div>\n\t<div class=\"col-sm-6 col-xs-12\">\n\t\t<p><span class=\"wpcf7-form-control-wrap\" data-name=\"your-email\"><input size=\"40\" class=\"wpcf7-form-control wpcf7-email wpcf7-validates-as-required wpcf7-text wpcf7-validates-as-email\" aria-required=\"true\" aria-invalid=\"false\" placeholder=\"Correo Electr\u00f3nico*\" value=\"\" type=\"email\" name=\"your-email\" \/><\/span>\n\t\t<\/p>\n\t<\/div>\n\t<div class=\"col-sm-12 col-xs-12\">\n\t\t<p><span class=\"wpcf7-form-control-wrap\" data-name=\"your-message\"><textarea cols=\"40\" rows=\"10\" class=\"wpcf7-form-control wpcf7-textarea\" aria-invalid=\"false\" placeholder=\"Mensaje\" name=\"your-message\"><\/textarea><\/span>\n\t\t<\/p>\n\t<\/div>\n<\/div>\n<div class=\"col-sm-12 col-xs-12 action text-center\">\n\t<p><input class=\"wpcf7-form-control wpcf7-submit has-spinner\" type=\"submit\" value=\"Enviar mensaje\" \/>\n\t<\/p>\n<\/div>\n<p style=\"display: none !important;\" class=\"akismet-fields-container\" data-prefix=\"_wpcf7_ak_\"><label>&#916;<textarea name=\"_wpcf7_ak_hp_textarea\" cols=\"45\" rows=\"8\" maxlength=\"100\"><\/textarea><\/label><input type=\"hidden\" id=\"ak_js_1\" name=\"_wpcf7_ak_js\" value=\"206\"\/><script>document.getElementById( \"ak_js_1\" ).setAttribute( \"value\", ( new Date() ).getTime() );<\/script><\/p><div class=\"wpcf7-response-output\" aria-hidden=\"true\"><\/div>\n<\/form>\n<\/div>\n<\/div>\n\t\t\t\t<\/div>\n\t\t\t\t<\/div>\n\t\t\t\t\t<\/div>\n\t\t<\/div>\n\t\t\t\t<div class=\"elementor-column elementor-col-50 elementor-top-column elementor-element elementor-element-b1ebf9c column-style-top\" data-id=\"b1ebf9c\" data-element_type=\"column\">\n\t\t\t<div class=\"elementor-widget-wrap elementor-element-populated\">\n\t\t\t\t\t\t\t\t<section class=\"elementor-section elementor-inner-section elementor-element elementor-element-faa607b elementor-section-boxed elementor-section-height-default elementor-section-height-default\" data-id=\"faa607b\" data-element_type=\"section\">\n\t\t\t\t\t\t<div class=\"elementor-container elementor-column-gap-default\">\n\t\t\t\t\t<div class=\"elementor-column elementor-col-50 elementor-inner-column elementor-element elementor-element-c517e91 column-style-top\" data-id=\"c517e91\" data-element_type=\"column\">\n\t\t\t<div class=\"elementor-widget-wrap elementor-element-populated\">\n\t\t\t\t\t\t\t\t<div class=\"elementor-element elementor-element-add32b2 elementor-widget elementor-widget-image\" data-id=\"add32b2\" data-element_type=\"widget\" data-widget_type=\"image.default\">\n\t\t\t\t<div class=\"elementor-widget-container\">\n\t\t\t<style>\/*! elementor - v3.18.0 - 08-12-2023 *\/\n.elementor-widget-image{text-align:center}.elementor-widget-image a{display:inline-block}.elementor-widget-image a img[src$=\".svg\"]{width:48px}.elementor-widget-image img{vertical-align:middle;display:inline-block}<\/style>\t\t\t\t\t\t\t\t\t\t\t\t<img fetchpriority=\"high\" decoding=\"async\" width=\"900\" height=\"600\" src=\"https:\/\/apslretail.com\/wp-content\/uploads\/2023\/12\/mbr-6-1024x683.jpg\" class=\"attachment-large size-large wp-image-8417\" alt=\"inmobiliaria retail en murcia\" \/>\t\t\t\t\t\t\t\t\t\t\t\t\t\t\t<\/div>\n\t\t\t\t<\/div>\n\t\t\t\t\t<\/div>\n\t\t<\/div>\n\t\t\t\t<div class=\"elementor-column elementor-col-50 elementor-inner-column elementor-element elementor-element-85c527d column-style-top\" data-id=\"85c527d\" data-element_type=\"column\">\n\t\t\t<div class=\"elementor-widget-wrap elementor-element-populated\">\n\t\t\t\t\t\t\t\t<div class=\"elementor-element elementor-element-4cc702c elementor-widget elementor-widget-image\" data-id=\"4cc702c\" data-element_type=\"widget\" data-widget_type=\"image.default\">\n\t\t\t\t<div class=\"elementor-widget-container\">\n\t\t\t\t\t\t\t\t\t\t\t\t\t\t\t<img decoding=\"async\" width=\"683\" height=\"1024\" src=\"https:\/\/apslretail.com\/wp-content\/uploads\/2023\/12\/parque-industrial-edificio-fabrica-almacen-3-683x1024.jpg\" class=\"attachment-large size-large wp-image-8418\" alt=\"\" \/>\t\t\t\t\t\t\t\t\t\t\t\t\t\t\t<\/div>\n\t\t\t\t<\/div>\n\t\t\t\t\t<\/div>\n\t\t<\/div>\n\t\t\t\t\t\t\t<\/div>\n\t\t<\/section>\n\t\t\t\t<section class=\"elementor-section elementor-inner-section elementor-element elementor-element-c8608a0 elementor-section-boxed elementor-section-height-default elementor-section-height-default\" data-id=\"c8608a0\" data-element_type=\"section\">\n\t\t\t\t\t\t<div class=\"elementor-container elementor-column-gap-default\">\n\t\t\t\t\t<div class=\"elementor-column elementor-col-100 elementor-inner-column elementor-element elementor-element-edaa60d column-style-top\" data-id=\"edaa60d\" data-element_type=\"column\">\n\t\t\t<div class=\"elementor-widget-wrap elementor-element-populated\">\n\t\t\t\t\t\t\t\t<div class=\"elementor-element elementor-element-0b7e965 elementor-widget elementor-widget-image\" data-id=\"0b7e965\" data-element_type=\"widget\" data-widget_type=\"image.default\">\n\t\t\t\t<div class=\"elementor-widget-container\">\n\t\t\t\t\t\t\t\t\t\t\t\t\t\t\t<img decoding=\"async\" width=\"900\" height=\"521\" src=\"https:\/\/apslretail.com\/wp-content\/uploads\/2023\/12\/home-contacta-3.png\" class=\"attachment-large size-large wp-image-8422\" alt=\"\" \/>\t\t\t\t\t\t\t\t\t\t\t\t\t\t\t<\/div>\n\t\t\t\t<\/div>\n\t\t\t\t\t<\/div>\n\t\t<\/div>\n\t\t\t\t\t\t\t<\/div>\n\t\t<\/section>\n\t\t\t\t\t<\/div>\n\t\t<\/div>\n\t\t\t\t\t\t\t<\/div>\n\t\t<\/section>\n\t\t\t\t\t\t\t<\/div>\n\t\t","protected":false},"excerpt":{"rendered":"<p>Descubre nuestro servicio de alquiler y venta de naves escaparates Ofrecemos un servicio especializado en el alquiler y venta de naves escaparates, brindando a nuestros clientes oportunidades \u00fanicas para destacar [&hellip;]<\/p>\n","protected":false},"author":1,"featured_media":0,"parent":0,"menu_order":0,"comment_status":"closed","ping_status":"closed","template":"elementor_theme","meta":{"footnotes":""},"class_list":["post-8400","page","type-page","status-publish","hentry"],"yoast_head":"<!-- This site is optimized with the Yoast SEO plugin v21.8 - https:\/\/yoast.com\/wordpress\/plugins\/seo\/ -->\n<title>\u226b Alquiler y Venta de Naves Escaparates | \u3010APSL RETAIL\u3011<\/title>\n<meta name=\"description\" content=\"Alquiler y venta de naves escaparates en Murcia \u27a1\ufe0f Echa un vistazo a nuestro cat\u00e1logo o cont\u00e1ctanos para un asesoramiento personalizado\" \/>\n<meta name=\"robots\" content=\"index, follow, max-snippet:-1, max-image-preview:large, max-video-preview:-1\" \/>\n<link rel=\"canonical\" href=\"https:\/\/apslretail.com\/index.php\/alquiler-venta-naves-escaparate\/\" \/>\n<meta property=\"og:locale\" content=\"es_ES\" \/>\n<meta property=\"og:type\" content=\"article\" \/>\n<meta property=\"og:title\" content=\"\u226b Alquiler y Venta de Naves Escaparates | \u3010APSL RETAIL\u3011\" \/>\n<meta property=\"og:description\" content=\"Alquiler y venta de naves escaparates en Murcia \u27a1\ufe0f Echa un vistazo a nuestro cat\u00e1logo o cont\u00e1ctanos para un asesoramiento personalizado\" \/>\n<meta property=\"og:url\" content=\"https:\/\/apslretail.com\/index.php\/alquiler-venta-naves-escaparate\/\" \/>\n<meta property=\"og:site_name\" content=\"AP S.L. Retail\" \/>\n<meta property=\"article:modified_time\" content=\"2024-01-15T09:29:16+00:00\" \/>\n<meta property=\"og:image\" content=\"http:\/\/apslretail.com\/wp-content\/uploads\/2023\/12\/mbr-6-1024x683.jpg\" \/>\n<meta name=\"twitter:card\" content=\"summary_large_image\" \/>\n<meta name=\"twitter:label1\" content=\"Tiempo de lectura\" \/>\n\t<meta name=\"twitter:data1\" content=\"3 minutos\" \/>\n<script type=\"application\/ld+json\" class=\"yoast-schema-graph\">{\"@context\":\"https:\/\/schema.org\",\"@graph\":[{\"@type\":\"WebPage\",\"@id\":\"https:\/\/apslretail.com\/index.php\/alquiler-venta-naves-escaparate\/\",\"url\":\"https:\/\/apslretail.com\/index.php\/alquiler-venta-naves-escaparate\/\",\"name\":\"\u226b Alquiler y Venta de Naves Escaparates | \u3010APSL RETAIL\u3011\",\"isPartOf\":{\"@id\":\"http:\/\/apslretail.com\/#website\"},\"datePublished\":\"2023-12-07T11:47:23+00:00\",\"dateModified\":\"2024-01-15T09:29:16+00:00\",\"description\":\"Alquiler y venta de naves escaparates en Murcia \u27a1\ufe0f Echa un vistazo a nuestro cat\u00e1logo o cont\u00e1ctanos para un asesoramiento personalizado\",\"breadcrumb\":{\"@id\":\"https:\/\/apslretail.com\/index.php\/alquiler-venta-naves-escaparate\/#breadcrumb\"},\"inLanguage\":\"es\",\"potentialAction\":[{\"@type\":\"ReadAction\",\"target\":[\"https:\/\/apslretail.com\/index.php\/alquiler-venta-naves-escaparate\/\"]}]},{\"@type\":\"BreadcrumbList\",\"@id\":\"https:\/\/apslretail.com\/index.php\/alquiler-venta-naves-escaparate\/#breadcrumb\",\"itemListElement\":[{\"@type\":\"ListItem\",\"position\":1,\"name\":\"Portada\",\"item\":\"http:\/\/apslretail.com\/\"},{\"@type\":\"ListItem\",\"position\":2,\"name\":\"Alquiler \u2013 Venta Naves Escaparate\"}]},{\"@type\":\"WebSite\",\"@id\":\"http:\/\/apslretail.com\/#website\",\"url\":\"http:\/\/apslretail.com\/\",\"name\":\"AP S.L. Retail\",\"description\":\"\",\"publisher\":{\"@id\":\"http:\/\/apslretail.com\/#organization\"},\"potentialAction\":[{\"@type\":\"SearchAction\",\"target\":{\"@type\":\"EntryPoint\",\"urlTemplate\":\"http:\/\/apslretail.com\/?s={search_term_string}\"},\"query-input\":\"required name=search_term_string\"}],\"inLanguage\":\"es\"},{\"@type\":\"Organization\",\"@id\":\"http:\/\/apslretail.com\/#organization\",\"name\":\"AP S.L. Retail\",\"url\":\"http:\/\/apslretail.com\/\",\"logo\":{\"@type\":\"ImageObject\",\"inLanguage\":\"es\",\"@id\":\"http:\/\/apslretail.com\/#\/schema\/logo\/image\/\",\"url\":\"https:\/\/apslretail.com\/wp-content\/uploads\/2023\/11\/mbr-1.png\",\"contentUrl\":\"https:\/\/apslretail.com\/wp-content\/uploads\/2023\/11\/mbr-1.png\",\"width\":1536,\"height\":864,\"caption\":\"AP S.L. Retail\"},\"image\":{\"@id\":\"http:\/\/apslretail.com\/#\/schema\/logo\/image\/\"}}]}<\/script>\n<!-- \/ Yoast SEO plugin. -->","yoast_head_json":{"title":"\u226b Alquiler y Venta de Naves Escaparates | \u3010APSL RETAIL\u3011","description":"Alquiler y venta de naves escaparates en Murcia \u27a1\ufe0f Echa un vistazo a nuestro cat\u00e1logo o cont\u00e1ctanos para un asesoramiento personalizado","robots":{"index":"index","follow":"follow","max-snippet":"max-snippet:-1","max-image-preview":"max-image-preview:large","max-video-preview":"max-video-preview:-1"},"canonical":"https:\/\/apslretail.com\/index.php\/alquiler-venta-naves-escaparate\/","og_locale":"es_ES","og_type":"article","og_title":"\u226b Alquiler y Venta de Naves Escaparates | \u3010APSL RETAIL\u3011","og_description":"Alquiler y venta de naves escaparates en Murcia \u27a1\ufe0f Echa un vistazo a nuestro cat\u00e1logo o cont\u00e1ctanos para un asesoramiento personalizado","og_url":"https:\/\/apslretail.com\/index.php\/alquiler-venta-naves-escaparate\/","og_site_name":"AP S.L. Retail","article_modified_time":"2024-01-15T09:29:16+00:00","og_image":[{"url":"http:\/\/apslretail.com\/wp-content\/uploads\/2023\/12\/mbr-6-1024x683.jpg"}],"twitter_card":"summary_large_image","twitter_misc":{"Tiempo de lectura":"3 minutos"},"schema":{"@context":"https:\/\/schema.org","@graph":[{"@type":"WebPage","@id":"https:\/\/apslretail.com\/index.php\/alquiler-venta-naves-escaparate\/","url":"https:\/\/apslretail.com\/index.php\/alquiler-venta-naves-escaparate\/","name":"\u226b Alquiler y Venta de Naves Escaparates | \u3010APSL RETAIL\u3011","isPartOf":{"@id":"http:\/\/apslretail.com\/#website"},"datePublished":"2023-12-07T11:47:23+00:00","dateModified":"2024-01-15T09:29:16+00:00","description":"Alquiler y venta de naves escaparates en Murcia \u27a1\ufe0f Echa un vistazo a nuestro cat\u00e1logo o cont\u00e1ctanos para un asesoramiento personalizado","breadcrumb":{"@id":"https:\/\/apslretail.com\/index.php\/alquiler-venta-naves-escaparate\/#breadcrumb"},"inLanguage":"es","potentialAction":[{"@type":"ReadAction","target":["https:\/\/apslretail.com\/index.php\/alquiler-venta-naves-escaparate\/"]}]},{"@type":"BreadcrumbList","@id":"https:\/\/apslretail.com\/index.php\/alquiler-venta-naves-escaparate\/#breadcrumb","itemListElement":[{"@type":"ListItem","position":1,"name":"Portada","item":"http:\/\/apslretail.com\/"},{"@type":"ListItem","position":2,"name":"Alquiler \u2013 Venta Naves Escaparate"}]},{"@type":"WebSite","@id":"http:\/\/apslretail.com\/#website","url":"http:\/\/apslretail.com\/","name":"AP S.L. Retail","description":"","publisher":{"@id":"http:\/\/apslretail.com\/#organization"},"potentialAction":[{"@type":"SearchAction","target":{"@type":"EntryPoint","urlTemplate":"http:\/\/apslretail.com\/?s={search_term_string}"},"query-input":"required name=search_term_string"}],"inLanguage":"es"},{"@type":"Organization","@id":"http:\/\/apslretail.com\/#organization","name":"AP S.L. Retail","url":"http:\/\/apslretail.com\/","logo":{"@type":"ImageObject","inLanguage":"es","@id":"http:\/\/apslretail.com\/#\/schema\/logo\/image\/","url":"https:\/\/apslretail.com\/wp-content\/uploads\/2023\/11\/mbr-1.png","contentUrl":"https:\/\/apslretail.com\/wp-content\/uploads\/2023\/11\/mbr-1.png","width":1536,"height":864,"caption":"AP S.L. Retail"},"image":{"@id":"http:\/\/apslretail.com\/#\/schema\/logo\/image\/"}}]}},"_links":{"self":[{"href":"https:\/\/apslretail.com\/index.php\/wp-json\/wp\/v2\/pages\/8400","targetHints":{"allow":["GET"]}}],"collection":[{"href":"https:\/\/apslretail.com\/index.php\/wp-json\/wp\/v2\/pages"}],"about":[{"href":"https:\/\/apslretail.com\/index.php\/wp-json\/wp\/v2\/types\/page"}],"author":[{"embeddable":true,"href":"https:\/\/apslretail.com\/index.php\/wp-json\/wp\/v2\/users\/1"}],"replies":[{"embeddable":true,"href":"https:\/\/apslretail.com\/index.php\/wp-json\/wp\/v2\/comments?post=8400"}],"version-history":[{"count":20,"href":"https:\/\/apslretail.com\/index.php\/wp-json\/wp\/v2\/pages\/8400\/revisions"}],"predecessor-version":[{"id":9036,"href":"https:\/\/apslretail.com\/index.php\/wp-json\/wp\/v2\/pages\/8400\/revisions\/9036"}],"wp:attachment":[{"href":"https:\/\/apslretail.com\/index.php\/wp-json\/wp\/v2\/media?parent=8400"}],"curies":[{"name":"wp","href":"https:\/\/api.w.org\/{rel}","templated":true}]}}