{"id":3124,"date":"2023-12-05T01:04:27","date_gmt":"2023-12-05T01:04:27","guid":{"rendered":"https:\/\/www.gavias-theme.com\/wp\/codesk\/?page_id=3124"},"modified":"2024-01-15T09:09:16","modified_gmt":"2024-01-15T09:09:16","slug":"servicios","status":"publish","type":"page","link":"https:\/\/apslretail.com\/index.php\/servicios\/","title":{"rendered":"Servicios"},"content":{"rendered":"\t\t<div data-elementor-type=\"wp-post\" data-elementor-id=\"3124\" class=\"elementor elementor-3124\">\n\t\t\t\t\t\t\t<div class=\"elementor-element elementor-element-fbc8d77 e-flex e-con-boxed e-con e-parent\" data-id=\"fbc8d77\" data-element_type=\"container\" data-settings=\"{&quot;content_width&quot;:&quot;boxed&quot;}\" data-core-v316-plus=\"true\">\n\t\t\t\t\t<div class=\"e-con-inner\">\n\t\t\t\t<div class=\"elementor-element elementor-element-d4c6899 elementor-widget elementor-widget-gva-heading-block\" data-id=\"d4c6899\" data-element_type=\"widget\" data-widget_type=\"gva-heading-block.default\">\n\t\t\t\t<div class=\"elementor-widget-container\">\n\t\t\t<div class=\"gva-element-gva-heading-block gva-element\">   <div class=\"align-center style-1 widget gsc-heading\">\r\n      <div class=\"content-inner\">\r\n         \r\n                  \r\n           \r\n         \r\n                     <h2 class=\"title\">\r\n               <span><h1>Servicio Inmobiliario Profesional en Murcia<\/h1><\/span>\r\n            <\/h2>\r\n                  \r\n         \r\n      <\/div>\r\n   <\/div>\r\n   <div class=\"clearfix\"><\/div>\r\n<\/div>\t\t<\/div>\n\t\t\t\t<\/div>\n\t\t\t\t<div class=\"elementor-element elementor-element-f1eab7a elementor-widget elementor-widget-text-editor\" data-id=\"f1eab7a\" data-element_type=\"widget\" data-widget_type=\"text-editor.default\">\n\t\t\t\t<div class=\"elementor-widget-container\">\n\t\t\t<style>\/*! elementor - v3.18.0 - 08-12-2023 *\/\n.elementor-widget-text-editor.elementor-drop-cap-view-stacked .elementor-drop-cap{background-color:#69727d;color:#fff}.elementor-widget-text-editor.elementor-drop-cap-view-framed .elementor-drop-cap{color:#69727d;border:3px solid;background-color:transparent}.elementor-widget-text-editor:not(.elementor-drop-cap-view-default) .elementor-drop-cap{margin-top:8px}.elementor-widget-text-editor:not(.elementor-drop-cap-view-default) .elementor-drop-cap-letter{width:1em;height:1em}.elementor-widget-text-editor .elementor-drop-cap{float:left;text-align:center;line-height:1;font-size:50px}.elementor-widget-text-editor .elementor-drop-cap-letter{display:inline-block}<\/style>\t\t\t\t<p>Llevamos a cabo la investigaci\u00f3n del mercado necesaria para construir la correcta definici\u00f3n del producto inmobiliario, adecuado a su target, morfolog\u00eda social del entorno, an\u00e1lisis de competencia y al emplazamiento de su proyecto.<br \/>Nos encargamos de darle el mejor espacio h\u00e1bil para su negocio, desde la fase preliminar, anteproyectos, dise\u00f1o de contratos de arrendamiento, incluido el seguimiento, supervision de obras y, obtenci\u00f3n de licencias.<\/p>\t\t\t\t\t\t<\/div>\n\t\t\t\t<\/div>\n\t\t\t\t<div class=\"elementor-element elementor-element-f7f1697 elementor-widget elementor-widget-gva-box-hover\" data-id=\"f7f1697\" data-element_type=\"widget\" data-widget_type=\"gva-box-hover.default\">\n\t\t\t\t<div class=\"elementor-widget-container\">\n\t\t\t<div class=\"gva-element-gva-box-hover gva-element\">\r\n<div class=\"gva-hover-box-carousel style-1\">\r\n   <div class=\"init-carousel-owl owl-carousel\" data-items=\"3\" data-items_lg=\"3\" data-items_md=\"3\" data-items_sm=\"2\" data-items_xs=\"1\" data-loop=\"1\" data-speed=\"800\" data-auto_play=\"1\" data-auto_play_speed=\"800\" data-auto_play_timeout=\"6000\" data-auto_play_hover=\"1\" data-navigation=\"1\" data-pagination=\"1\" data-mouse_drag=\"1\" data-touch_drag=\"1\" >\r\n               <div class=\"item hover-box-item\">\r\n            \r\n            <div class=\"box-background\" style=\"background-image:url('http:\/\/apslretail.com\/wp-content\/uploads\/2023\/12\/parque-industrial-edificio-fabrica-almacen-scaled-e1701777250581.jpg')\"><\/div>\r\n            \r\n            <div class=\"box-content\">\r\n               <div class=\"content-inner\">\r\n                                       <div class=\"icon-inner\">\r\n                                                           <a href=\"https:\/\/apslretail.com\/index.php\/alquiler-venta-naves-escaparate\/\">\r\n                                      <span class=\"box-icon\">\r\n                                 <svg aria-hidden=\"true\" class=\"e-font-icon-svg e-fas-warehouse\" viewBox=\"0 0 640 512\" xmlns=\"http:\/\/www.w3.org\/2000\/svg\"><path d=\"M504 352H136.4c-4.4 0-8 3.6-8 8l-.1 48c0 4.4 3.6 8 8 8H504c4.4 0 8-3.6 8-8v-48c0-4.4-3.6-8-8-8zm0 96H136.1c-4.4 0-8 3.6-8 8l-.1 48c0 4.4 3.6 8 8 8h368c4.4 0 8-3.6 8-8v-48c0-4.4-3.6-8-8-8zm0-192H136.6c-4.4 0-8 3.6-8 8l-.1 48c0 4.4 3.6 8 8 8H504c4.4 0 8-3.6 8-8v-48c0-4.4-3.6-8-8-8zm106.5-139L338.4 3.7a48.15 48.15 0 0 0-36.9 0L29.5 117C11.7 124.5 0 141.9 0 161.3V504c0 4.4 3.6 8 8 8h80c4.4 0 8-3.6 8-8V256c0-17.6 14.6-32 32.6-32h382.8c18 0 32.6 14.4 32.6 32v248c0 4.4 3.6 8 8 8h80c4.4 0 8-3.6 8-8V161.3c0-19.4-11.7-36.8-29.5-44.3z\"><\/path><\/svg>                              <\/span>\r\n                           <\/a>                                             <\/div>\r\n                                    \r\n                  <div class=\"box-title\">\r\n                     Naves Escaparate                   <\/div>\r\n\r\n                  <div class=\"box-desc\">\r\n                     Gran apuesta de inversion por parte de los Retailers, ya que son proyectos que tienen la funci\u00f3n de presentar los productos                  <\/div>\r\n               <\/div>\r\n            <\/div>   \r\n           \r\n         <\/div>\r\n               <div class=\"item hover-box-item\">\r\n            \r\n            <div class=\"box-background\" style=\"background-image:url('http:\/\/apslretail.com\/wp-content\/uploads\/2023\/12\/parque-industrial-edificio-fabrica-almacen-1-scaled.jpg')\"><\/div>\r\n            \r\n            <div class=\"box-content\">\r\n               <div class=\"content-inner\">\r\n                                       <div class=\"icon-inner\">\r\n                                                           <a href=\"https:\/\/apslretail.com\/index.php\/alquiler-venta-naves-industriales\/\">\r\n                                      <span class=\"box-icon\">\r\n                                 <svg aria-hidden=\"true\" class=\"e-font-icon-svg e-fas-warehouse\" viewBox=\"0 0 640 512\" xmlns=\"http:\/\/www.w3.org\/2000\/svg\"><path d=\"M504 352H136.4c-4.4 0-8 3.6-8 8l-.1 48c0 4.4 3.6 8 8 8H504c4.4 0 8-3.6 8-8v-48c0-4.4-3.6-8-8-8zm0 96H136.1c-4.4 0-8 3.6-8 8l-.1 48c0 4.4 3.6 8 8 8h368c4.4 0 8-3.6 8-8v-48c0-4.4-3.6-8-8-8zm0-192H136.6c-4.4 0-8 3.6-8 8l-.1 48c0 4.4 3.6 8 8 8H504c4.4 0 8-3.6 8-8v-48c0-4.4-3.6-8-8-8zm106.5-139L338.4 3.7a48.15 48.15 0 0 0-36.9 0L29.5 117C11.7 124.5 0 141.9 0 161.3V504c0 4.4 3.6 8 8 8h80c4.4 0 8-3.6 8-8V256c0-17.6 14.6-32 32.6-32h382.8c18 0 32.6 14.4 32.6 32v248c0 4.4 3.6 8 8 8h80c4.4 0 8-3.6 8-8V161.3c0-19.4-11.7-36.8-29.5-44.3z\"><\/path><\/svg>                              <\/span>\r\n                           <\/a>                                             <\/div>\r\n                                    \r\n                  <div class=\"box-title\">\r\n                     Naves Industriales                  <\/div>\r\n\r\n                  <div class=\"box-desc\">\r\n                     Naves de uso industrial convencionales  de gran altura, de gran cercan\u00eda la urbe                  <\/div>\r\n               <\/div>\r\n            <\/div>   \r\n           \r\n         <\/div>\r\n               <div class=\"item hover-box-item\">\r\n            \r\n            <div class=\"box-background\" style=\"background-image:url('http:\/\/apslretail.com\/wp-content\/uploads\/2023\/12\/concepto-logistica-almacenamiento-envio-transporte-carga-puertas-almacen-carga-camiones-scaled.jpg')\"><\/div>\r\n            \r\n            <div class=\"box-content\">\r\n               <div class=\"content-inner\">\r\n                                       <div class=\"icon-inner\">\r\n                                                           <a href=\"https:\/\/apslretail.com\/index.php\/alquiler-venta-de-naves-logisticas\/\">\r\n                                      <span class=\"box-icon\">\r\n                                 <svg aria-hidden=\"true\" class=\"e-font-icon-svg e-fas-warehouse\" viewBox=\"0 0 640 512\" xmlns=\"http:\/\/www.w3.org\/2000\/svg\"><path d=\"M504 352H136.4c-4.4 0-8 3.6-8 8l-.1 48c0 4.4 3.6 8 8 8H504c4.4 0 8-3.6 8-8v-48c0-4.4-3.6-8-8-8zm0 96H136.1c-4.4 0-8 3.6-8 8l-.1 48c0 4.4 3.6 8 8 8h368c4.4 0 8-3.6 8-8v-48c0-4.4-3.6-8-8-8zm0-192H136.6c-4.4 0-8 3.6-8 8l-.1 48c0 4.4 3.6 8 8 8H504c4.4 0 8-3.6 8-8v-48c0-4.4-3.6-8-8-8zm106.5-139L338.4 3.7a48.15 48.15 0 0 0-36.9 0L29.5 117C11.7 124.5 0 141.9 0 161.3V504c0 4.4 3.6 8 8 8h80c4.4 0 8-3.6 8-8V256c0-17.6 14.6-32 32.6-32h382.8c18 0 32.6 14.4 32.6 32v248c0 4.4 3.6 8 8 8h80c4.4 0 8-3.6 8-8V161.3c0-19.4-11.7-36.8-29.5-44.3z\"><\/path><\/svg>                              <\/span>\r\n                           <\/a>                                             <\/div>\r\n                                    \r\n                  <div class=\"box-title\">\r\n                     Naves Log\u00edsticas                  <\/div>\r\n\r\n                  <div class=\"box-desc\">\r\n                     Naves de uso industrial, que poseen zonas de carga y descarga en sus muelles de carga, cerca de las fachadas de sus instalaciones.                  <\/div>\r\n               <\/div>\r\n            <\/div>   \r\n           \r\n         <\/div>\r\n               <div class=\"item hover-box-item\">\r\n            \r\n            <div class=\"box-background\" style=\"background-image:url('http:\/\/apslretail.com\/wp-content\/uploads\/2023\/12\/borrosa-resumen-antecedentes-vista-interior-mirando-fuera-vacio-vestibulo-oficina-puertas-entrada-pared-cortina-vidrio-marco-scaled.jpg')\"><\/div>\r\n            \r\n            <div class=\"box-content\">\r\n               <div class=\"content-inner\">\r\n                                       <div class=\"icon-inner\">\r\n                                                           <a href=\"https:\/\/apslretail.com\/index.php\/alquiler-venta-franquicias\/\">\r\n                                      <span class=\"box-icon\">\r\n                                 <svg aria-hidden=\"true\" class=\"e-font-icon-svg e-fas-warehouse\" viewBox=\"0 0 640 512\" xmlns=\"http:\/\/www.w3.org\/2000\/svg\"><path d=\"M504 352H136.4c-4.4 0-8 3.6-8 8l-.1 48c0 4.4 3.6 8 8 8H504c4.4 0 8-3.6 8-8v-48c0-4.4-3.6-8-8-8zm0 96H136.1c-4.4 0-8 3.6-8 8l-.1 48c0 4.4 3.6 8 8 8h368c4.4 0 8-3.6 8-8v-48c0-4.4-3.6-8-8-8zm0-192H136.6c-4.4 0-8 3.6-8 8l-.1 48c0 4.4 3.6 8 8 8H504c4.4 0 8-3.6 8-8v-48c0-4.4-3.6-8-8-8zm106.5-139L338.4 3.7a48.15 48.15 0 0 0-36.9 0L29.5 117C11.7 124.5 0 141.9 0 161.3V504c0 4.4 3.6 8 8 8h80c4.4 0 8-3.6 8-8V256c0-17.6 14.6-32 32.6-32h382.8c18 0 32.6 14.4 32.6 32v248c0 4.4 3.6 8 8 8h80c4.4 0 8-3.6 8-8V161.3c0-19.4-11.7-36.8-29.5-44.3z\"><\/path><\/svg>                              <\/span>\r\n                           <\/a>                                             <\/div>\r\n                                    \r\n                  <div class=\"box-title\">\r\n                     Franquicias                  <\/div>\r\n\r\n                  <div class=\"box-desc\">\r\n                     There are many variations of passages of available but the majority have suffered alter randomised words.                  <\/div>\r\n               <\/div>\r\n            <\/div>   \r\n           \r\n         <\/div>\r\n               <div class=\"item hover-box-item\">\r\n            \r\n            <div class=\"box-background\" style=\"background-image:url('http:\/\/apslretail.com\/wp-content\/uploads\/2023\/12\/oficina-escaparate-blanco-scaled.jpg')\"><\/div>\r\n            \r\n            <div class=\"box-content\">\r\n               <div class=\"content-inner\">\r\n                                       <div class=\"icon-inner\">\r\n                                                           <a href=\"https:\/\/apslretail.com\/index.php\/alquiler-venta-locales-comerciales\/\">\r\n                                      <span class=\"box-icon\">\r\n                                 <svg aria-hidden=\"true\" class=\"e-font-icon-svg e-fas-warehouse\" viewBox=\"0 0 640 512\" xmlns=\"http:\/\/www.w3.org\/2000\/svg\"><path d=\"M504 352H136.4c-4.4 0-8 3.6-8 8l-.1 48c0 4.4 3.6 8 8 8H504c4.4 0 8-3.6 8-8v-48c0-4.4-3.6-8-8-8zm0 96H136.1c-4.4 0-8 3.6-8 8l-.1 48c0 4.4 3.6 8 8 8h368c4.4 0 8-3.6 8-8v-48c0-4.4-3.6-8-8-8zm0-192H136.6c-4.4 0-8 3.6-8 8l-.1 48c0 4.4 3.6 8 8 8H504c4.4 0 8-3.6 8-8v-48c0-4.4-3.6-8-8-8zm106.5-139L338.4 3.7a48.15 48.15 0 0 0-36.9 0L29.5 117C11.7 124.5 0 141.9 0 161.3V504c0 4.4 3.6 8 8 8h80c4.4 0 8-3.6 8-8V256c0-17.6 14.6-32 32.6-32h382.8c18 0 32.6 14.4 32.6 32v248c0 4.4 3.6 8 8 8h80c4.4 0 8-3.6 8-8V161.3c0-19.4-11.7-36.8-29.5-44.3z\"><\/path><\/svg>                              <\/span>\r\n                           <\/a>                                             <\/div>\r\n                                    \r\n                  <div class=\"box-title\">\r\n                     Locales Comerciales                  <\/div>\r\n\r\n                  <div class=\"box-desc\">\r\n                     Nos hemos rodeado de grandes operadores comerciales y de servicios.                  <\/div>\r\n               <\/div>\r\n            <\/div>   \r\n           \r\n         <\/div>\r\n               <div class=\"item hover-box-item\">\r\n            \r\n            <div class=\"box-background\" style=\"background-image:url('http:\/\/apslretail.com\/wp-content\/uploads\/2023\/12\/reunion-negocios-representacion-3d-sala-trabajo-edificio-oficinas-scaled.jpg')\"><\/div>\r\n            \r\n            <div class=\"box-content\">\r\n               <div class=\"content-inner\">\r\n                                       <div class=\"icon-inner\">\r\n                                                           <a href=\"https:\/\/apslretail.com\/index.php\/alquiler-venta-oficinas\/\">\r\n                                      <span class=\"box-icon\">\r\n                                 <svg aria-hidden=\"true\" class=\"e-font-icon-svg e-fas-warehouse\" viewBox=\"0 0 640 512\" xmlns=\"http:\/\/www.w3.org\/2000\/svg\"><path d=\"M504 352H136.4c-4.4 0-8 3.6-8 8l-.1 48c0 4.4 3.6 8 8 8H504c4.4 0 8-3.6 8-8v-48c0-4.4-3.6-8-8-8zm0 96H136.1c-4.4 0-8 3.6-8 8l-.1 48c0 4.4 3.6 8 8 8h368c4.4 0 8-3.6 8-8v-48c0-4.4-3.6-8-8-8zm0-192H136.6c-4.4 0-8 3.6-8 8l-.1 48c0 4.4 3.6 8 8 8H504c4.4 0 8-3.6 8-8v-48c0-4.4-3.6-8-8-8zm106.5-139L338.4 3.7a48.15 48.15 0 0 0-36.9 0L29.5 117C11.7 124.5 0 141.9 0 161.3V504c0 4.4 3.6 8 8 8h80c4.4 0 8-3.6 8-8V256c0-17.6 14.6-32 32.6-32h382.8c18 0 32.6 14.4 32.6 32v248c0 4.4 3.6 8 8 8h80c4.4 0 8-3.6 8-8V161.3c0-19.4-11.7-36.8-29.5-44.3z\"><\/path><\/svg>                              <\/span>\r\n                           <\/a>                                             <\/div>\r\n                                    \r\n                  <div class=\"box-title\">\r\n                     Oficinas                  <\/div>\r\n\r\n                  <div class=\"box-desc\">\r\n                     Todas ellas ubicadas en el centro de la capital, donde coexisten con un gran conglomerado del mismo tipo de activo.                  <\/div>\r\n               <\/div>\r\n            <\/div>   \r\n           \r\n         <\/div>\r\n         <\/div>\r\n<\/div>\r\n<\/div>\t\t<\/div>\n\t\t\t\t<\/div>\n\t\t\t\t\t<\/div>\n\t\t\t\t<\/div>\n\t\t<div class=\"elementor-element elementor-element-723ebd9 e-flex e-con-boxed e-con e-parent\" data-id=\"723ebd9\" data-element_type=\"container\" data-settings=\"{&quot;content_width&quot;:&quot;boxed&quot;}\" data-core-v316-plus=\"true\">\n\t\t\t\t\t<div class=\"e-con-inner\">\n\t\t\t\t\t<\/div>\n\t\t\t\t<\/div>\n\t\t\t\t\t\t\t<\/div>\n\t\t","protected":false},"excerpt":{"rendered":"<p>Servicio Inmobiliario Profesional en Murcia Llevamos a cabo la investigaci\u00f3n del mercado necesaria para construir la correcta definici\u00f3n del producto inmobiliario, adecuado a su target, morfolog\u00eda social del entorno, an\u00e1lisis [&hellip;]<\/p>\n","protected":false},"author":1,"featured_media":0,"parent":0,"menu_order":0,"comment_status":"closed","ping_status":"closed","template":"","meta":{"footnotes":""},"class_list":["post-3124","page","type-page","status-publish","hentry"],"yoast_head":"<!-- This site is optimized with the Yoast SEO plugin v21.8 - https:\/\/yoast.com\/wordpress\/plugins\/seo\/ -->\n<title>\u226b Servicio Inmobiliario Profesional en Murcia | \u3010APSL RETAIL\u3011<\/title>\n<meta name=\"description\" content=\"Ofrecemos un servicio inmobiliario profesional en Murcia \u27a1\ufe0f Nuestra experiencia y trato personalizado y exquisito nos avala \u27a1\ufe0f \u00a1Ll\u00e1manos!\" \/>\n<meta name=\"robots\" content=\"index, follow, max-snippet:-1, max-image-preview:large, max-video-preview:-1\" \/>\n<link rel=\"canonical\" href=\"https:\/\/apslretail.com\/index.php\/servicios\/\" \/>\n<meta property=\"og:locale\" content=\"es_ES\" \/>\n<meta property=\"og:type\" content=\"article\" \/>\n<meta property=\"og:title\" content=\"\u226b Servicio Inmobiliario Profesional en Murcia | \u3010APSL RETAIL\u3011\" \/>\n<meta property=\"og:description\" content=\"Ofrecemos un servicio inmobiliario profesional en Murcia \u27a1\ufe0f Nuestra experiencia y trato personalizado y exquisito nos avala \u27a1\ufe0f \u00a1Ll\u00e1manos!\" \/>\n<meta property=\"og:url\" content=\"https:\/\/apslretail.com\/index.php\/servicios\/\" \/>\n<meta property=\"og:site_name\" content=\"AP S.L. Retail\" \/>\n<meta property=\"article:modified_time\" content=\"2024-01-15T09:09:16+00:00\" \/>\n<meta name=\"twitter:card\" content=\"summary_large_image\" \/>\n<meta name=\"twitter:label1\" content=\"Tiempo de lectura\" \/>\n\t<meta name=\"twitter:data1\" content=\"2 minutos\" \/>\n<script type=\"application\/ld+json\" class=\"yoast-schema-graph\">{\"@context\":\"https:\/\/schema.org\",\"@graph\":[{\"@type\":\"WebPage\",\"@id\":\"https:\/\/apslretail.com\/index.php\/servicios\/\",\"url\":\"https:\/\/apslretail.com\/index.php\/servicios\/\",\"name\":\"\u226b Servicio Inmobiliario Profesional en Murcia | \u3010APSL RETAIL\u3011\",\"isPartOf\":{\"@id\":\"http:\/\/apslretail.com\/#website\"},\"datePublished\":\"2023-12-05T01:04:27+00:00\",\"dateModified\":\"2024-01-15T09:09:16+00:00\",\"description\":\"Ofrecemos un servicio inmobiliario profesional en Murcia \u27a1\ufe0f Nuestra experiencia y trato personalizado y exquisito nos avala \u27a1\ufe0f \u00a1Ll\u00e1manos!\",\"breadcrumb\":{\"@id\":\"https:\/\/apslretail.com\/index.php\/servicios\/#breadcrumb\"},\"inLanguage\":\"es\",\"potentialAction\":[{\"@type\":\"ReadAction\",\"target\":[\"https:\/\/apslretail.com\/index.php\/servicios\/\"]}]},{\"@type\":\"BreadcrumbList\",\"@id\":\"https:\/\/apslretail.com\/index.php\/servicios\/#breadcrumb\",\"itemListElement\":[{\"@type\":\"ListItem\",\"position\":1,\"name\":\"Portada\",\"item\":\"http:\/\/apslretail.com\/\"},{\"@type\":\"ListItem\",\"position\":2,\"name\":\"Servicios\"}]},{\"@type\":\"WebSite\",\"@id\":\"http:\/\/apslretail.com\/#website\",\"url\":\"http:\/\/apslretail.com\/\",\"name\":\"AP S.L. Retail\",\"description\":\"\",\"publisher\":{\"@id\":\"http:\/\/apslretail.com\/#organization\"},\"potentialAction\":[{\"@type\":\"SearchAction\",\"target\":{\"@type\":\"EntryPoint\",\"urlTemplate\":\"http:\/\/apslretail.com\/?s={search_term_string}\"},\"query-input\":\"required name=search_term_string\"}],\"inLanguage\":\"es\"},{\"@type\":\"Organization\",\"@id\":\"http:\/\/apslretail.com\/#organization\",\"name\":\"AP S.L. Retail\",\"url\":\"http:\/\/apslretail.com\/\",\"logo\":{\"@type\":\"ImageObject\",\"inLanguage\":\"es\",\"@id\":\"http:\/\/apslretail.com\/#\/schema\/logo\/image\/\",\"url\":\"https:\/\/apslretail.com\/wp-content\/uploads\/2023\/11\/mbr-1.png\",\"contentUrl\":\"https:\/\/apslretail.com\/wp-content\/uploads\/2023\/11\/mbr-1.png\",\"width\":1536,\"height\":864,\"caption\":\"AP S.L. Retail\"},\"image\":{\"@id\":\"http:\/\/apslretail.com\/#\/schema\/logo\/image\/\"}}]}<\/script>\n<!-- \/ Yoast SEO plugin. -->","yoast_head_json":{"title":"\u226b Servicio Inmobiliario Profesional en Murcia | \u3010APSL RETAIL\u3011","description":"Ofrecemos un servicio inmobiliario profesional en Murcia \u27a1\ufe0f Nuestra experiencia y trato personalizado y exquisito nos avala \u27a1\ufe0f \u00a1Ll\u00e1manos!","robots":{"index":"index","follow":"follow","max-snippet":"max-snippet:-1","max-image-preview":"max-image-preview:large","max-video-preview":"max-video-preview:-1"},"canonical":"https:\/\/apslretail.com\/index.php\/servicios\/","og_locale":"es_ES","og_type":"article","og_title":"\u226b Servicio Inmobiliario Profesional en Murcia | \u3010APSL RETAIL\u3011","og_description":"Ofrecemos un servicio inmobiliario profesional en Murcia \u27a1\ufe0f Nuestra experiencia y trato personalizado y exquisito nos avala \u27a1\ufe0f \u00a1Ll\u00e1manos!","og_url":"https:\/\/apslretail.com\/index.php\/servicios\/","og_site_name":"AP S.L. Retail","article_modified_time":"2024-01-15T09:09:16+00:00","twitter_card":"summary_large_image","twitter_misc":{"Tiempo de lectura":"2 minutos"},"schema":{"@context":"https:\/\/schema.org","@graph":[{"@type":"WebPage","@id":"https:\/\/apslretail.com\/index.php\/servicios\/","url":"https:\/\/apslretail.com\/index.php\/servicios\/","name":"\u226b Servicio Inmobiliario Profesional en Murcia | \u3010APSL RETAIL\u3011","isPartOf":{"@id":"http:\/\/apslretail.com\/#website"},"datePublished":"2023-12-05T01:04:27+00:00","dateModified":"2024-01-15T09:09:16+00:00","description":"Ofrecemos un servicio inmobiliario profesional en Murcia \u27a1\ufe0f Nuestra experiencia y trato personalizado y exquisito nos avala \u27a1\ufe0f \u00a1Ll\u00e1manos!","breadcrumb":{"@id":"https:\/\/apslretail.com\/index.php\/servicios\/#breadcrumb"},"inLanguage":"es","potentialAction":[{"@type":"ReadAction","target":["https:\/\/apslretail.com\/index.php\/servicios\/"]}]},{"@type":"BreadcrumbList","@id":"https:\/\/apslretail.com\/index.php\/servicios\/#breadcrumb","itemListElement":[{"@type":"ListItem","position":1,"name":"Portada","item":"http:\/\/apslretail.com\/"},{"@type":"ListItem","position":2,"name":"Servicios"}]},{"@type":"WebSite","@id":"http:\/\/apslretail.com\/#website","url":"http:\/\/apslretail.com\/","name":"AP S.L. Retail","description":"","publisher":{"@id":"http:\/\/apslretail.com\/#organization"},"potentialAction":[{"@type":"SearchAction","target":{"@type":"EntryPoint","urlTemplate":"http:\/\/apslretail.com\/?s={search_term_string}"},"query-input":"required name=search_term_string"}],"inLanguage":"es"},{"@type":"Organization","@id":"http:\/\/apslretail.com\/#organization","name":"AP S.L. Retail","url":"http:\/\/apslretail.com\/","logo":{"@type":"ImageObject","inLanguage":"es","@id":"http:\/\/apslretail.com\/#\/schema\/logo\/image\/","url":"https:\/\/apslretail.com\/wp-content\/uploads\/2023\/11\/mbr-1.png","contentUrl":"https:\/\/apslretail.com\/wp-content\/uploads\/2023\/11\/mbr-1.png","width":1536,"height":864,"caption":"AP S.L. Retail"},"image":{"@id":"http:\/\/apslretail.com\/#\/schema\/logo\/image\/"}}]}},"_links":{"self":[{"href":"https:\/\/apslretail.com\/index.php\/wp-json\/wp\/v2\/pages\/3124","targetHints":{"allow":["GET"]}}],"collection":[{"href":"https:\/\/apslretail.com\/index.php\/wp-json\/wp\/v2\/pages"}],"about":[{"href":"https:\/\/apslretail.com\/index.php\/wp-json\/wp\/v2\/types\/page"}],"author":[{"embeddable":true,"href":"https:\/\/apslretail.com\/index.php\/wp-json\/wp\/v2\/users\/1"}],"replies":[{"embeddable":true,"href":"https:\/\/apslretail.com\/index.php\/wp-json\/wp\/v2\/comments?post=3124"}],"version-history":[{"count":22,"href":"https:\/\/apslretail.com\/index.php\/wp-json\/wp\/v2\/pages\/3124\/revisions"}],"predecessor-version":[{"id":9030,"href":"https:\/\/apslretail.com\/index.php\/wp-json\/wp\/v2\/pages\/3124\/revisions\/9030"}],"wp:attachment":[{"href":"https:\/\/apslretail.com\/index.php\/wp-json\/wp\/v2\/media?parent=3124"}],"curies":[{"name":"wp","href":"https:\/\/api.w.org\/{rel}","templated":true}]}}