{"id":8746,"date":"2023-12-14T15:55:40","date_gmt":"2023-12-14T15:55:40","guid":{"rendered":"https:\/\/apslretail.com\/?page_id=8746"},"modified":"2023-12-20T07:37:23","modified_gmt":"2023-12-20T07:37:23","slug":"aviso-legal","status":"publish","type":"page","link":"http:\/\/apslretail.com\/index.php\/aviso-legal\/","title":{"rendered":"Aviso Legal"},"content":{"rendered":"\t\t<div data-elementor-type=\"wp-page\" data-elementor-id=\"8746\" class=\"elementor elementor-8746\">\n\t\t\t\t\t\t\t<div class=\"elementor-element elementor-element-4f6d2624 e-flex e-con-boxed e-con e-parent\" data-id=\"4f6d2624\" data-element_type=\"container\" data-settings=\"{&quot;content_width&quot;:&quot;boxed&quot;}\" data-core-v316-plus=\"true\">\n\t\t\t\t\t<div class=\"e-con-inner\">\n\t\t\t\t<div class=\"elementor-element elementor-element-6132e1ae elementor-widget elementor-widget-text-editor\" data-id=\"6132e1ae\" data-element_type=\"widget\" data-widget_type=\"text-editor.default\">\n\t\t\t\t<div class=\"elementor-widget-container\">\n\t\t\t<style>\/*! elementor - v3.18.0 - 08-12-2023 *\/\n.elementor-widget-text-editor.elementor-drop-cap-view-stacked .elementor-drop-cap{background-color:#69727d;color:#fff}.elementor-widget-text-editor.elementor-drop-cap-view-framed .elementor-drop-cap{color:#69727d;border:3px solid;background-color:transparent}.elementor-widget-text-editor:not(.elementor-drop-cap-view-default) .elementor-drop-cap{margin-top:8px}.elementor-widget-text-editor:not(.elementor-drop-cap-view-default) .elementor-drop-cap-letter{width:1em;height:1em}.elementor-widget-text-editor .elementor-drop-cap{float:left;text-align:center;line-height:1;font-size:50px}.elementor-widget-text-editor .elementor-drop-cap-letter{display:inline-block}<\/style>\t\t\t\t<p>En virtud de las obligaciones establecidas por la Ley 34\/2002, de Servicios de la Sociedad de la Informaci\u00f3n y de Comercio Electr\u00f3nico, te informo que:<\/p><p><strong>Datos identificativo del responsable:<\/strong><br \/>Denominaci\u00f3n social: <span style=\"color: #333399;\"><strong>ANTONIO PE\u00d1ALVER S.L.<\/strong><\/span><br \/>NIF: <strong><span style=\"color: #333399;\">B30573091<\/span><\/strong><br \/>Actividad social: <strong><span style=\"color: #333399;\">Alquiler de bienes inmuebles<\/span><\/strong><br \/>Email de contacto: <strong><span style=\"color: #333399;\">antoniopsl615@gmail.com<\/span><\/strong><\/p><p><span style=\"color: #333399;\"><strong>ANTONIO PE\u00d1ALVER S.L.<\/strong><\/span> es el due\u00f1o de Gonz\u00e1les Rodr\u00edguez Abogados, dicho lo cual, <strong>EMPRESA<\/strong> hace referencia a Gonz\u00e1les Rodr\u00edguez Abogados.<\/p>\t\t\t\t\t\t<\/div>\n\t\t\t\t<\/div>\n\t\t\t\t<div class=\"elementor-element elementor-element-174ccd0 elementor-widget elementor-widget-heading\" data-id=\"174ccd0\" data-element_type=\"widget\" data-widget_type=\"heading.default\">\n\t\t\t\t<div class=\"elementor-widget-container\">\n\t\t\t<style>\/*! elementor - v3.18.0 - 08-12-2023 *\/\n.elementor-heading-title{padding:0;margin:0;line-height:1}.elementor-widget-heading .elementor-heading-title[class*=elementor-size-]>a{color:inherit;font-size:inherit;line-height:inherit}.elementor-widget-heading .elementor-heading-title.elementor-size-small{font-size:15px}.elementor-widget-heading .elementor-heading-title.elementor-size-medium{font-size:19px}.elementor-widget-heading .elementor-heading-title.elementor-size-large{font-size:29px}.elementor-widget-heading .elementor-heading-title.elementor-size-xl{font-size:39px}.elementor-widget-heading .elementor-heading-title.elementor-size-xxl{font-size:59px}<\/style><h2 class=\"elementor-heading-title elementor-size-large\">Acceso Y Uso Del Sitio Web<\/h2>\t\t<\/div>\n\t\t\t\t<\/div>\n\t\t\t\t<div class=\"elementor-element elementor-element-9538591 elementor-widget elementor-widget-text-editor\" data-id=\"9538591\" data-element_type=\"widget\" data-widget_type=\"text-editor.default\">\n\t\t\t\t<div class=\"elementor-widget-container\">\n\t\t\t\t\t\t\t<p>El acceso y\/o el uso de este sitio web atribuyen la condici\u00f3n de <strong>USUARIO<\/strong>, aceptando los presentes t\u00e9rminos de uso. El mero uso de la web no significa el inicio de una relaci\u00f3n laboral o comercial entre <strong>EMPRESA<\/strong> y el usuario. Tanto el acceso al Sitio Web como el uso no consentido que pueda efectuarse de la informaci\u00f3n contenida en el mismo es de la exclusiva responsabilidad de quien lo realiza. El usuario se compromete a utilizar los contenidos, informaci\u00f3n y datos del Sitio Web de conformidad con las presentes condiciones, t\u00e9rminos y pol\u00edticas, con la normativa de aplicaci\u00f3n y con las buenas costumbres generalmente aceptadas y el orden p\u00fablico. El usuario se obliga a abstenerse de utilizar los contenidos del Sitio Web con fines o efectos il\u00edcitos, prohibidos o contrarios a los aqu\u00ed establecidos, lesivos de los derechos e intereses de\u00a0<strong>EMPRESA<\/strong>, de los dem\u00e1s usuarios, de terceros o que de cualquier forma puedan da\u00f1ar, inutilizar, sobrecargar o deteriorar el presente Sitio Web o impedir la normal utilizaci\u00f3n o disfrute del mismo por parte de los usuarios.<\/p>\t\t\t\t\t\t<\/div>\n\t\t\t\t<\/div>\n\t\t\t\t<div class=\"elementor-element elementor-element-e681d5d elementor-widget elementor-widget-heading\" data-id=\"e681d5d\" data-element_type=\"widget\" data-widget_type=\"heading.default\">\n\t\t\t\t<div class=\"elementor-widget-container\">\n\t\t\t<h2 class=\"elementor-heading-title elementor-size-large\">Exclusi\u00f3n De Garant\u00edas Y Responsabilidad<\/h2>\t\t<\/div>\n\t\t\t\t<\/div>\n\t\t\t\t<div class=\"elementor-element elementor-element-befbab4 elementor-widget elementor-widget-text-editor\" data-id=\"befbab4\" data-element_type=\"widget\" data-widget_type=\"text-editor.default\">\n\t\t\t\t<div class=\"elementor-widget-container\">\n\t\t\t\t\t\t\t<p><strong>EMPRESA<\/strong>\u00a0no responder\u00e1 de ninguna consecuencia, da\u00f1o o perjuicio que pudiera derivarse de dicho acceso o uso o del incumplimiento de las presentes condiciones, t\u00e9rminos y pol\u00edticas ni se har\u00e1 responsable de los errores de seguridad que se puedan producir ni de los da\u00f1os que puedan causarse al sistema inform\u00e1tico del usuario (hardware y software) o a los ficheros o documentos almacenados en el mismo como consecuencia de: (i) la presencia de un virus en el ordenador del usuario que sea utilizado para la conexi\u00f3n a los servicios y\/o productos ofrecidos por\u00a0<strong>EMPRESA<\/strong>\u00a0a trav\u00e9s de su Sitio Web; (ii) un mal funcionamiento del navegador; (iii) el uso de versiones no actualizadas del mismo. Este Sitio Web no se destina a menores de edad, por lo que el Prestador declina cualquier responsabilidad por el incumplimiento de este requisito.<\/p>\t\t\t\t\t\t<\/div>\n\t\t\t\t<\/div>\n\t\t\t\t<div class=\"elementor-element elementor-element-b18a3bf elementor-widget elementor-widget-heading\" data-id=\"b18a3bf\" data-element_type=\"widget\" data-widget_type=\"heading.default\">\n\t\t\t\t<div class=\"elementor-widget-container\">\n\t\t\t<h2 class=\"elementor-heading-title elementor-size-large\">Propiedad Intelectual E Industrial<\/h2>\t\t<\/div>\n\t\t\t\t<\/div>\n\t\t\t\t<div class=\"elementor-element elementor-element-3d797b0 elementor-widget elementor-widget-text-editor\" data-id=\"3d797b0\" data-element_type=\"widget\" data-widget_type=\"text-editor.default\">\n\t\t\t\t<div class=\"elementor-widget-container\">\n\t\t\t\t\t\t\t<p>De conformidad con lo que establece la Ley Org\u00e1nica 15\/1999 de Protecci\u00f3n de Datos de Car\u00e1cter Personal (LOPD), y con el Real Decreto 1720\/2007, de 21 de diciembre, por el que se aprueba el Reglamento de desarrollo de la Ley Org\u00e1nica 15\/1999, de 13 de diciembre, de Protecci\u00f3n de Datos de Car\u00e1cter Personal (RDLOPD),\u00a0<strong>EMPRESA<\/strong>\u00a0se compromete a adoptar las medidas t\u00e9cnicas y organizativas necesarias, seg\u00fan el nivel de seguridad de los datos recabados, de forma que garanticen la seguridad de los datos de car\u00e1cter personal y eviten su alteraci\u00f3n, p\u00e9rdida, tratamiento o acceso no autorizado. Conforme a lo previsto en el art\u00edculo 5 de la LOPD, se informa al Usuario que los datos personales recabados por el Prestador, mediante los formularios extendidos en sus p\u00e1ginas, ser\u00e1n introducidos en un fichero automatizado bajo la responsabilidad de\u00a0<strong>EMPRESA<\/strong>, y debidamente declarado e inscrito en el Registro General de la Agencia de Protecci\u00f3n de Datos, con la finalidad de poder facilitar, agilizar y cumplir los compromisos establecidos entre ambas partes o el mantenimiento de la relaci\u00f3n que se establezca en los formularios que suscriba o para atender una solicitud o consulta. Mientras el Usuario no comunique lo contrario al Prestador, se entender\u00e1 que sus datos no han sido modificados, que el Usuario se compromete a notificar cualquier variaci\u00f3n y que tiene el consentimiento para utilizarlos para las finalidades determinadas, expl\u00edcitas y leg\u00edtimas para las que se hayan obtenido. Pudiendo incluso ser, adem\u00e1s, utilizados con una finalidad comercial de personalizaci\u00f3n, operativa y estad\u00edstica, y actividades propias de su objeto social, autorizando expresamente a\u00a0<strong>EMPRESA<\/strong>\u00a0para la extracci\u00f3n, almacenamiento de datos y estudios de marketing para adecuar el Contenido ofertado al Usuario, y as\u00ed mejorar la calidad, funcionamiento y navegaci\u00f3n por el Sitio Web. De igual forma, el Usuario tiene acceso en todo momento a modificar, editar o eliminar la informaci\u00f3n proporcionada, as\u00ed como gestionar su baja directamente, o mediante solicitud dirigida al contacto mostrado en la secci\u00f3n de direcciones de contacto dirigido a\u00a0<strong>EMPRESA<\/strong>\u00a0junto con copia de su DNI o documento acreditativo equivalente. Igualmente podr\u00e1 darse de baja a trav\u00e9s del enlace que le aparecer\u00e1 al final de cada newsletter.<\/p>\t\t\t\t\t\t<\/div>\n\t\t\t\t<\/div>\n\t\t\t\t<div class=\"elementor-element elementor-element-5b515ee elementor-widget elementor-widget-heading\" data-id=\"5b515ee\" data-element_type=\"widget\" data-widget_type=\"heading.default\">\n\t\t\t\t<div class=\"elementor-widget-container\">\n\t\t\t<h2 class=\"elementor-heading-title elementor-size-large\">Pol\u00edtica De Enlaces<\/h2>\t\t<\/div>\n\t\t\t\t<\/div>\n\t\t\t\t<div class=\"elementor-element elementor-element-6c7c56c elementor-widget elementor-widget-text-editor\" data-id=\"6c7c56c\" data-element_type=\"widget\" data-widget_type=\"text-editor.default\">\n\t\t\t\t<div class=\"elementor-widget-container\">\n\t\t\t\t\t\t\t<p>En el presente Sitio Web se pueden utilizar enlaces con otras p\u00e1ginas o sitios web.\u00a0<strong>EMPRESA<\/strong>\u00a0no se responsabiliza ni del contenido ni de las medidas de seguridad adoptadas por cualquier otra p\u00e1gina o sitio web a trav\u00e9s del cual se tiene acceso desde el presente Sitio Web, sitios a los que accede el interesado bajo su exclusiva responsabilidad. Asimismo, tampoco se garantiza la ausencia de virus u otros elementos en los contenidos enlazados desde el Sitio Web\u00a0sitioweb.com\u00a0que puedan producir alteraciones en el sistema inform\u00e1tico (hardware y software) y\/o en los documentos o los ficheros del Usuario, excluyendo asimismo a\u00a0<strong>EMPRESA<\/strong>\u00a0de toda responsabilidad derivada de los da\u00f1os de cualquier \u00edndole ocasionados por todo lo anterior.<\/p>\t\t\t\t\t\t<\/div>\n\t\t\t\t<\/div>\n\t\t\t\t<div class=\"elementor-element elementor-element-a054b2c elementor-widget elementor-widget-heading\" data-id=\"a054b2c\" data-element_type=\"widget\" data-widget_type=\"heading.default\">\n\t\t\t\t<div class=\"elementor-widget-container\">\n\t\t\t<h2 class=\"elementor-heading-title elementor-size-large\">Protecci\u00f3n De Datos<\/h2>\t\t<\/div>\n\t\t\t\t<\/div>\n\t\t\t\t<div class=\"elementor-element elementor-element-16371a4 elementor-widget elementor-widget-text-editor\" data-id=\"16371a4\" data-element_type=\"widget\" data-widget_type=\"text-editor.default\">\n\t\t\t\t<div class=\"elementor-widget-container\">\n\t\t\t\t\t\t\t<p>De conformidad con lo que establece la Ley Org\u00e1nica 15\/1999 de Protecci\u00f3n de Datos de Car\u00e1cter Personal (LOPD), y con el Real Decreto 1720\/2007, de 21 de diciembre, por el que se aprueba el Reglamento de desarrollo de la Ley Org\u00e1nica 15\/1999, de 13 de diciembre, de Protecci\u00f3n de Datos de Car\u00e1cter Personal (RDLOPD),\u00a0<strong>EMPRESA<\/strong>\u00a0se compromete a adoptar las medidas t\u00e9cnicas y organizativas necesarias, seg\u00fan el nivel de seguridad de los datos recabados, de forma que garanticen la seguridad de los datos de car\u00e1cter personal y eviten su alteraci\u00f3n, p\u00e9rdida, tratamiento o acceso no autorizado. Conforme a lo previsto en el art\u00edculo 5 de la LOPD, se informa al Usuario que los datos personales recabados por el Prestador, mediante los formularios extendidos en sus p\u00e1ginas, ser\u00e1n introducidos en un fichero automatizado bajo la responsabilidad de\u00a0<strong>EMPRESA<\/strong>, y debidamente declarado e inscrito en el Registro General de la Agencia de Protecci\u00f3n de Datos, con la finalidad de poder facilitar, agilizar y cumplir los compromisos establecidos entre ambas partes o el mantenimiento de la relaci\u00f3n que se establezca en los formularios que suscriba o para atender una solicitud o consulta. Mientras el Usuario no comunique lo contrario al Prestador, se entender\u00e1 que sus datos no han sido modificados, que el Usuario se compromete a notificar cualquier variaci\u00f3n y que tiene el consentimiento para utilizarlos para las finalidades determinadas, expl\u00edcitas y leg\u00edtimas para las que se hayan obtenido. Pudiendo incluso ser, adem\u00e1s, utilizados con una finalidad comercial de personalizaci\u00f3n, operativa y estad\u00edstica, y actividades propias de su objeto social, autorizando expresamente a\u00a0<strong>EMPRESA<\/strong>\u00a0para la extracci\u00f3n, almacenamiento de datos y estudios de marketing para adecuar el Contenido ofertado al Usuario, y as\u00ed mejorar la calidad, funcionamiento y navegaci\u00f3n por el Sitio Web. De igual forma, el Usuario tiene acceso en todo momento a modificar, editar o eliminar la informaci\u00f3n proporcionada, as\u00ed como gestionar su baja directamente, o mediante solicitud dirigida al contacto mostrado en la secci\u00f3n de direcciones de contacto dirigido a\u00a0<strong>EMPRESA<\/strong>\u00a0junto con copia de su DNI o documento acreditativo equivalente. Igualmente podr\u00e1 darse de baja a trav\u00e9s del enlace que le aparecer\u00e1 al final de cada newsletter.<\/p>\t\t\t\t\t\t<\/div>\n\t\t\t\t<\/div>\n\t\t\t\t<div class=\"elementor-element elementor-element-96a9d5a elementor-widget elementor-widget-heading\" data-id=\"96a9d5a\" data-element_type=\"widget\" data-widget_type=\"heading.default\">\n\t\t\t\t<div class=\"elementor-widget-container\">\n\t\t\t<h2 class=\"elementor-heading-title elementor-size-large\">Legislaci\u00f3n Aplicable Y Jurisdicci\u00f3n<\/h2>\t\t<\/div>\n\t\t\t\t<\/div>\n\t\t\t\t<div class=\"elementor-element elementor-element-d0f5000 elementor-widget elementor-widget-text-editor\" data-id=\"d0f5000\" data-element_type=\"widget\" data-widget_type=\"text-editor.default\">\n\t\t\t\t<div class=\"elementor-widget-container\">\n\t\t\t\t\t\t\t<p><strong>EMPRESA<\/strong>\u00a0se reserva el derecho a modificar en todo momento y sin previo aviso las presentes condiciones, t\u00e9rminos y pol\u00edticas de privacidad para adaptarlas a las novedades legislativas o jurisprudenciales as\u00ed como a las modificaciones o pr\u00e1cticas de la industria, debiendo el usuario consultar peri\u00f3dicamente las presentes condiciones, t\u00e9rminos y pol\u00edticas a fin de comprobar o cerciorarse de la existencia de cambios en las mismas, tomando como referencia la fecha de la \u00faltima actualizaci\u00f3n.<\/p>\t\t\t\t\t\t<\/div>\n\t\t\t\t<\/div>\n\t\t\t\t<div class=\"elementor-element elementor-element-7290ffc elementor-widget elementor-widget-heading\" data-id=\"7290ffc\" data-element_type=\"widget\" data-widget_type=\"heading.default\">\n\t\t\t\t<div class=\"elementor-widget-container\">\n\t\t\t<h2 class=\"elementor-heading-title elementor-size-large\">Modificaci\u00f3n De Los T\u00e9rminos Y Condiciones De Uso, Pol\u00edtica De Privacidad Y De Protecci\u00f3n De Datos<\/h2>\t\t<\/div>\n\t\t\t\t<\/div>\n\t\t\t\t<div class=\"elementor-element elementor-element-3bce997 elementor-widget elementor-widget-text-editor\" data-id=\"3bce997\" data-element_type=\"widget\" data-widget_type=\"text-editor.default\">\n\t\t\t\t<div class=\"elementor-widget-container\">\n\t\t\t\t\t\t\t<p><strong>EMPRESA<\/strong>\u00a0se reserva el derecho a modificar en todo momento y sin previo aviso las presentes condiciones, t\u00e9rminos y pol\u00edticas de privacidad para adaptarlas a las novedades legislativas o jurisprudenciales as\u00ed como a las modificaciones o pr\u00e1cticas de la industria, debiendo el usuario consultar peri\u00f3dicamente las presentes condiciones, t\u00e9rminos y pol\u00edticas a fin de comprobar o cerciorarse de la existencia de cambios en las mismas, tomando como referencia la fecha de la \u00faltima actualizaci\u00f3n.<\/p>\t\t\t\t\t\t<\/div>\n\t\t\t\t<\/div>\n\t\t\t\t\t<\/div>\n\t\t\t\t<\/div>\n\t\t\t\t\t\t\t<\/div>\n\t\t","protected":false},"excerpt":{"rendered":"<p>En virtud de las obligaciones establecidas por la Ley 34\/2002, de Servicios de la Sociedad de la Informaci\u00f3n y de Comercio Electr\u00f3nico, te informo que: Datos identificativo del responsable:Denominaci\u00f3n social: [&hellip;]<\/p>\n","protected":false},"author":1,"featured_media":0,"parent":0,"menu_order":0,"comment_status":"closed","ping_status":"closed","template":"","meta":{"footnotes":""},"class_list":["post-8746","page","type-page","status-publish","hentry"],"yoast_head":"<!-- This site is optimized with the Yoast SEO plugin v21.8 - https:\/\/yoast.com\/wordpress\/plugins\/seo\/ -->\n<title>Aviso Legal - AP S.L. Retail<\/title>\n<meta name=\"robots\" content=\"index, follow, max-snippet:-1, max-image-preview:large, max-video-preview:-1\" \/>\n<link rel=\"canonical\" href=\"http:\/\/apslretail.com\/index.php\/aviso-legal\/\" \/>\n<meta property=\"og:locale\" content=\"es_ES\" \/>\n<meta property=\"og:type\" content=\"article\" \/>\n<meta property=\"og:title\" content=\"Aviso Legal - AP S.L. Retail\" \/>\n<meta property=\"og:description\" content=\"En virtud de las obligaciones establecidas por la Ley 34\/2002, de Servicios de la Sociedad de la Informaci\u00f3n y de Comercio Electr\u00f3nico, te informo que: Datos identificativo del responsable:Denominaci\u00f3n social: [&hellip;]\" \/>\n<meta property=\"og:url\" content=\"http:\/\/apslretail.com\/index.php\/aviso-legal\/\" \/>\n<meta property=\"og:site_name\" content=\"AP S.L. Retail\" \/>\n<meta property=\"article:modified_time\" content=\"2023-12-20T07:37:23+00:00\" \/>\n<meta name=\"twitter:card\" content=\"summary_large_image\" \/>\n<meta name=\"twitter:label1\" content=\"Tiempo de lectura\" \/>\n\t<meta name=\"twitter:data1\" content=\"8 minutos\" \/>\n<script type=\"application\/ld+json\" class=\"yoast-schema-graph\">{\"@context\":\"https:\/\/schema.org\",\"@graph\":[{\"@type\":\"WebPage\",\"@id\":\"http:\/\/apslretail.com\/index.php\/aviso-legal\/\",\"url\":\"http:\/\/apslretail.com\/index.php\/aviso-legal\/\",\"name\":\"Aviso Legal - AP S.L. Retail\",\"isPartOf\":{\"@id\":\"http:\/\/apslretail.com\/#website\"},\"datePublished\":\"2023-12-14T15:55:40+00:00\",\"dateModified\":\"2023-12-20T07:37:23+00:00\",\"breadcrumb\":{\"@id\":\"http:\/\/apslretail.com\/index.php\/aviso-legal\/#breadcrumb\"},\"inLanguage\":\"es\",\"potentialAction\":[{\"@type\":\"ReadAction\",\"target\":[\"http:\/\/apslretail.com\/index.php\/aviso-legal\/\"]}]},{\"@type\":\"BreadcrumbList\",\"@id\":\"http:\/\/apslretail.com\/index.php\/aviso-legal\/#breadcrumb\",\"itemListElement\":[{\"@type\":\"ListItem\",\"position\":1,\"name\":\"Portada\",\"item\":\"http:\/\/apslretail.com\/\"},{\"@type\":\"ListItem\",\"position\":2,\"name\":\"Aviso Legal\"}]},{\"@type\":\"WebSite\",\"@id\":\"http:\/\/apslretail.com\/#website\",\"url\":\"http:\/\/apslretail.com\/\",\"name\":\"AP S.L. Retail\",\"description\":\"\",\"publisher\":{\"@id\":\"http:\/\/apslretail.com\/#organization\"},\"potentialAction\":[{\"@type\":\"SearchAction\",\"target\":{\"@type\":\"EntryPoint\",\"urlTemplate\":\"http:\/\/apslretail.com\/?s={search_term_string}\"},\"query-input\":\"required name=search_term_string\"}],\"inLanguage\":\"es\"},{\"@type\":\"Organization\",\"@id\":\"http:\/\/apslretail.com\/#organization\",\"name\":\"AP S.L. Retail\",\"url\":\"http:\/\/apslretail.com\/\",\"logo\":{\"@type\":\"ImageObject\",\"inLanguage\":\"es\",\"@id\":\"http:\/\/apslretail.com\/#\/schema\/logo\/image\/\",\"url\":\"http:\/\/apslretail.com\/wp-content\/uploads\/2023\/11\/mbr-1.png\",\"contentUrl\":\"http:\/\/apslretail.com\/wp-content\/uploads\/2023\/11\/mbr-1.png\",\"width\":1536,\"height\":864,\"caption\":\"AP S.L. Retail\"},\"image\":{\"@id\":\"http:\/\/apslretail.com\/#\/schema\/logo\/image\/\"}}]}<\/script>\n<!-- \/ Yoast SEO plugin. -->","yoast_head_json":{"title":"Aviso Legal - AP S.L. Retail","robots":{"index":"index","follow":"follow","max-snippet":"max-snippet:-1","max-image-preview":"max-image-preview:large","max-video-preview":"max-video-preview:-1"},"canonical":"http:\/\/apslretail.com\/index.php\/aviso-legal\/","og_locale":"es_ES","og_type":"article","og_title":"Aviso Legal - AP S.L. Retail","og_description":"En virtud de las obligaciones establecidas por la Ley 34\/2002, de Servicios de la Sociedad de la Informaci\u00f3n y de Comercio Electr\u00f3nico, te informo que: Datos identificativo del responsable:Denominaci\u00f3n social: [&hellip;]","og_url":"http:\/\/apslretail.com\/index.php\/aviso-legal\/","og_site_name":"AP S.L. Retail","article_modified_time":"2023-12-20T07:37:23+00:00","twitter_card":"summary_large_image","twitter_misc":{"Tiempo de lectura":"8 minutos"},"schema":{"@context":"https:\/\/schema.org","@graph":[{"@type":"WebPage","@id":"http:\/\/apslretail.com\/index.php\/aviso-legal\/","url":"http:\/\/apslretail.com\/index.php\/aviso-legal\/","name":"Aviso Legal - AP S.L. Retail","isPartOf":{"@id":"http:\/\/apslretail.com\/#website"},"datePublished":"2023-12-14T15:55:40+00:00","dateModified":"2023-12-20T07:37:23+00:00","breadcrumb":{"@id":"http:\/\/apslretail.com\/index.php\/aviso-legal\/#breadcrumb"},"inLanguage":"es","potentialAction":[{"@type":"ReadAction","target":["http:\/\/apslretail.com\/index.php\/aviso-legal\/"]}]},{"@type":"BreadcrumbList","@id":"http:\/\/apslretail.com\/index.php\/aviso-legal\/#breadcrumb","itemListElement":[{"@type":"ListItem","position":1,"name":"Portada","item":"http:\/\/apslretail.com\/"},{"@type":"ListItem","position":2,"name":"Aviso Legal"}]},{"@type":"WebSite","@id":"http:\/\/apslretail.com\/#website","url":"http:\/\/apslretail.com\/","name":"AP S.L. Retail","description":"","publisher":{"@id":"http:\/\/apslretail.com\/#organization"},"potentialAction":[{"@type":"SearchAction","target":{"@type":"EntryPoint","urlTemplate":"http:\/\/apslretail.com\/?s={search_term_string}"},"query-input":"required name=search_term_string"}],"inLanguage":"es"},{"@type":"Organization","@id":"http:\/\/apslretail.com\/#organization","name":"AP S.L. Retail","url":"http:\/\/apslretail.com\/","logo":{"@type":"ImageObject","inLanguage":"es","@id":"http:\/\/apslretail.com\/#\/schema\/logo\/image\/","url":"http:\/\/apslretail.com\/wp-content\/uploads\/2023\/11\/mbr-1.png","contentUrl":"http:\/\/apslretail.com\/wp-content\/uploads\/2023\/11\/mbr-1.png","width":1536,"height":864,"caption":"AP S.L. Retail"},"image":{"@id":"http:\/\/apslretail.com\/#\/schema\/logo\/image\/"}}]}},"_links":{"self":[{"href":"http:\/\/apslretail.com\/index.php\/wp-json\/wp\/v2\/pages\/8746","targetHints":{"allow":["GET"]}}],"collection":[{"href":"http:\/\/apslretail.com\/index.php\/wp-json\/wp\/v2\/pages"}],"about":[{"href":"http:\/\/apslretail.com\/index.php\/wp-json\/wp\/v2\/types\/page"}],"author":[{"embeddable":true,"href":"http:\/\/apslretail.com\/index.php\/wp-json\/wp\/v2\/users\/1"}],"replies":[{"embeddable":true,"href":"http:\/\/apslretail.com\/index.php\/wp-json\/wp\/v2\/comments?post=8746"}],"version-history":[{"count":7,"href":"http:\/\/apslretail.com\/index.php\/wp-json\/wp\/v2\/pages\/8746\/revisions"}],"predecessor-version":[{"id":8862,"href":"http:\/\/apslretail.com\/index.php\/wp-json\/wp\/v2\/pages\/8746\/revisions\/8862"}],"wp:attachment":[{"href":"http:\/\/apslretail.com\/index.php\/wp-json\/wp\/v2\/media?parent=8746"}],"curies":[{"name":"wp","href":"https:\/\/api.w.org\/{rel}","templated":true}]}}