{"id":8705,"date":"2023-12-13T11:32:50","date_gmt":"2023-12-13T11:32:50","guid":{"rendered":"https:\/\/apslretail.com\/?page_id=8705"},"modified":"2024-01-15T09:37:23","modified_gmt":"2024-01-15T09:37:23","slug":"alquiler-venta-franquicias","status":"publish","type":"page","link":"http:\/\/apslretail.com\/index.php\/alquiler-venta-franquicias\/","title":{"rendered":"Alquiler \u2013 Venta Franquicias"},"content":{"rendered":"\t\t<div data-elementor-type=\"wp-page\" data-elementor-id=\"8705\" class=\"elementor elementor-8705\">\n\t\t\t\t\t\t\t<div class=\"elementor-element elementor-element-5563489c e-flex e-con-boxed e-con e-parent\" data-id=\"5563489c\" data-element_type=\"container\" data-settings=\"{&quot;content_width&quot;:&quot;boxed&quot;}\" data-core-v316-plus=\"true\">\n\t\t\t\t\t<div class=\"e-con-inner\">\n\t\t\t\t<div class=\"elementor-element elementor-element-2abbde6b elementor-widget elementor-widget-gva-heading-block\" data-id=\"2abbde6b\" data-element_type=\"widget\" data-widget_type=\"gva-heading-block.default\">\n\t\t\t\t<div class=\"elementor-widget-container\">\n\t\t\t<div class=\"gva-element-gva-heading-block gva-element\">   <div class=\"align-center style-1 widget gsc-heading\">\r\n      <div class=\"content-inner\">\r\n         \r\n                  \r\n           \r\n         \r\n                     <h2 class=\"title\">\r\n               <span><h1>Alquiler y venta de franquicias en Murcia, el camino hacia el \u00e9xito<\/h1><\/span>\r\n            <\/h2>\r\n                  \r\n         \r\n      <\/div>\r\n   <\/div>\r\n   <div class=\"clearfix\"><\/div>\r\n<\/div>\t\t<\/div>\n\t\t\t\t<\/div>\n\t\t\t\t<div class=\"elementor-element elementor-element-5f4947d7 elementor-widget elementor-widget-text-editor\" data-id=\"5f4947d7\" data-element_type=\"widget\" data-widget_type=\"text-editor.default\">\n\t\t\t\t<div class=\"elementor-widget-container\">\n\t\t\t<style>\/*! elementor - v3.18.0 - 08-12-2023 *\/\n.elementor-widget-text-editor.elementor-drop-cap-view-stacked .elementor-drop-cap{background-color:#69727d;color:#fff}.elementor-widget-text-editor.elementor-drop-cap-view-framed .elementor-drop-cap{color:#69727d;border:3px solid;background-color:transparent}.elementor-widget-text-editor:not(.elementor-drop-cap-view-default) .elementor-drop-cap{margin-top:8px}.elementor-widget-text-editor:not(.elementor-drop-cap-view-default) .elementor-drop-cap-letter{width:1em;height:1em}.elementor-widget-text-editor .elementor-drop-cap{float:left;text-align:center;line-height:1;font-size:50px}.elementor-widget-text-editor .elementor-drop-cap-letter{display:inline-block}<\/style>\t\t\t\t<p>Ofrecemos un servicio especializado en el alquiler y venta de franquicias, brindando a emprendedores y empresarios la oportunidad \u00fanica de formar parte de modelos de negocio probados y exitosos. Nuestra dedicaci\u00f3n a la excelencia y nuestro enfoque centrado en la colaboraci\u00f3n convierten la adquisici\u00f3n de una franquicia en una experiencia fluida y llena de posibilidades.<br \/>Nuestra cartera incluye una amplia variedad de opciones para el alquiler y venta de franquicias en Murcia, abarcando sectores que van desde la hosteler\u00eda hasta la venta al por menor y servicios especializados. Colaboramos con marcas consolidadas y exitosas, ofreciendo a los emprendedores la oportunidad de unirse a modelos de negocio probados que han demostrado su viabilidad en el mercado.<\/p>\t\t\t\t\t\t<\/div>\n\t\t\t\t<\/div>\n\t\t\t\t<div class=\"elementor-element elementor-element-3cfe4088 elementor-widget elementor-widget-heading\" data-id=\"3cfe4088\" data-element_type=\"widget\" data-widget_type=\"heading.default\">\n\t\t\t\t<div class=\"elementor-widget-container\">\n\t\t\t<style>\/*! elementor - v3.18.0 - 08-12-2023 *\/\n.elementor-heading-title{padding:0;margin:0;line-height:1}.elementor-widget-heading .elementor-heading-title[class*=elementor-size-]>a{color:inherit;font-size:inherit;line-height:inherit}.elementor-widget-heading .elementor-heading-title.elementor-size-small{font-size:15px}.elementor-widget-heading .elementor-heading-title.elementor-size-medium{font-size:19px}.elementor-widget-heading .elementor-heading-title.elementor-size-large{font-size:29px}.elementor-widget-heading .elementor-heading-title.elementor-size-xl{font-size:39px}.elementor-widget-heading .elementor-heading-title.elementor-size-xxl{font-size:59px}<\/style><h2 class=\"elementor-heading-title elementor-size-large\">Modelos de negocio exitosos y sostenibles<\/h2>\t\t<\/div>\n\t\t\t\t<\/div>\n\t\t\t\t<div class=\"elementor-element elementor-element-8c9aeba elementor-widget elementor-widget-text-editor\" data-id=\"8c9aeba\" data-element_type=\"widget\" data-widget_type=\"text-editor.default\">\n\t\t\t\t<div class=\"elementor-widget-container\">\n\t\t\t\t\t\t\t<p>Al optar por una franquicia a trav\u00e9s de nuestro servicio, los emprendedores tienen la garant\u00eda de unirse a modelos de negocio probados y exitosos. Colaboramos con marcas que han demostrado su eficacia y rentabilidad a lo largo del tiempo, proporcionando a los inversionistas la confianza necesaria para embarcarse en su viaje empresarial con una base s\u00f3lida.<br \/>Nuestra relaci\u00f3n con los emprendedores no termina en la firma del contrato. Nos comprometemos a brindar apoyo continuo y recursos para asegurar el \u00e9xito sostenible de las franquicias. Facilitamos la comunicaci\u00f3n entre franquiciadores y franquiciados, fomentando una colaboraci\u00f3n que beneficie a ambas partes y contribuya al crecimiento constante del negocio.<\/p>\t\t\t\t\t\t<\/div>\n\t\t\t\t<\/div>\n\t\t\t\t\t<\/div>\n\t\t\t\t<\/div>\n\t\t\t\t<section class=\"elementor-section elementor-top-section elementor-element elementor-element-74facf1b elementor-section-boxed elementor-section-height-default elementor-section-height-default\" data-id=\"74facf1b\" data-element_type=\"section\" data-settings=\"{&quot;background_background&quot;:&quot;classic&quot;}\">\n\t\t\t\t\t\t<div class=\"elementor-container elementor-column-gap-default\">\n\t\t\t\t\t<div class=\"elementor-column elementor-col-50 elementor-top-column elementor-element elementor-element-5bffae74 column-style-top\" data-id=\"5bffae74\" data-element_type=\"column\">\n\t\t\t<div class=\"elementor-widget-wrap elementor-element-populated\">\n\t\t\t\t\t\t\t\t<div class=\"elementor-element elementor-element-1a5991b3 elementor-widget elementor-widget-gva-heading-block\" data-id=\"1a5991b3\" data-element_type=\"widget\" data-widget_type=\"gva-heading-block.default\">\n\t\t\t\t<div class=\"elementor-widget-container\">\n\t\t\t<div class=\"gva-element-gva-heading-block gva-element\">   <div class=\"align-left style-1 widget gsc-heading\">\r\n      <div class=\"content-inner\">\r\n         \r\n                  \r\n           \r\n         \r\n                     <h2 class=\"title\">\r\n               <span>Contacta con nosotros <\/span>\r\n            <\/h2>\r\n                              <div class=\"title-desc\">Rellene este formulario y, nos pondremos en contacto con usted pronto.<\/div>\r\n         \r\n         \r\n      <\/div>\r\n   <\/div>\r\n   <div class=\"clearfix\"><\/div>\r\n<\/div>\t\t<\/div>\n\t\t\t\t<\/div>\n\t\t\t\t<div class=\"elementor-element elementor-element-4b2cbefa elementor-widget elementor-widget-shortcode\" data-id=\"4b2cbefa\" data-element_type=\"widget\" data-widget_type=\"shortcode.default\">\n\t\t\t\t<div class=\"elementor-widget-container\">\n\t\t\t\t\t<div class=\"elementor-shortcode\">\n<div class=\"wpcf7 no-js\" id=\"wpcf7-f236-o1\" lang=\"en-US\" dir=\"ltr\">\n<div class=\"screen-reader-response\"><p role=\"status\" aria-live=\"polite\" aria-atomic=\"true\"><\/p> <ul><\/ul><\/div>\n<form action=\"\/index.php\/wp-json\/wp\/v2\/pages\/8705#wpcf7-f236-o1\" method=\"post\" class=\"wpcf7-form init\" aria-label=\"Contact form\" novalidate=\"novalidate\" data-status=\"init\">\n<div style=\"display: none;\">\n<input type=\"hidden\" name=\"_wpcf7\" value=\"236\" \/>\n<input type=\"hidden\" name=\"_wpcf7_version\" value=\"5.8.5\" \/>\n<input type=\"hidden\" name=\"_wpcf7_locale\" value=\"en_US\" \/>\n<input type=\"hidden\" name=\"_wpcf7_unit_tag\" value=\"wpcf7-f236-o1\" \/>\n<input type=\"hidden\" name=\"_wpcf7_container_post\" value=\"0\" \/>\n<input type=\"hidden\" name=\"_wpcf7_posted_data_hash\" value=\"\" \/>\n<\/div>\n<div class=\"row\">\n\t<div class=\"col-sm-6 col-xs-12\">\n\t\t<p><span class=\"wpcf7-form-control-wrap\" data-name=\"your-name\"><input size=\"40\" class=\"wpcf7-form-control wpcf7-text wpcf7-validates-as-required\" aria-required=\"true\" aria-invalid=\"false\" placeholder=\"Nombre y Apellidos*\" value=\"\" type=\"text\" name=\"your-name\" \/><\/span>\n\t\t<\/p>\n\t<\/div>\n\t<div class=\"col-sm-6 col-xs-12\">\n\t\t<p><span class=\"wpcf7-form-control-wrap\" data-name=\"your-email\"><input size=\"40\" class=\"wpcf7-form-control wpcf7-email wpcf7-validates-as-required wpcf7-text wpcf7-validates-as-email\" aria-required=\"true\" aria-invalid=\"false\" placeholder=\"Correo Electr\u00f3nico*\" value=\"\" type=\"email\" name=\"your-email\" \/><\/span>\n\t\t<\/p>\n\t<\/div>\n\t<div class=\"col-sm-12 col-xs-12\">\n\t\t<p><span class=\"wpcf7-form-control-wrap\" data-name=\"your-message\"><textarea cols=\"40\" rows=\"10\" class=\"wpcf7-form-control wpcf7-textarea\" aria-invalid=\"false\" placeholder=\"Mensaje\" name=\"your-message\"><\/textarea><\/span>\n\t\t<\/p>\n\t<\/div>\n<\/div>\n<div class=\"col-sm-12 col-xs-12 action text-center\">\n\t<p><input class=\"wpcf7-form-control wpcf7-submit has-spinner\" type=\"submit\" value=\"Enviar mensaje\" \/>\n\t<\/p>\n<\/div>\n<p style=\"display: none !important;\" class=\"akismet-fields-container\" data-prefix=\"_wpcf7_ak_\"><label>&#916;<textarea name=\"_wpcf7_ak_hp_textarea\" cols=\"45\" rows=\"8\" maxlength=\"100\"><\/textarea><\/label><input type=\"hidden\" id=\"ak_js_1\" name=\"_wpcf7_ak_js\" value=\"20\"\/><script>document.getElementById( \"ak_js_1\" ).setAttribute( \"value\", ( new Date() ).getTime() );<\/script><\/p><div class=\"wpcf7-response-output\" aria-hidden=\"true\"><\/div>\n<\/form>\n<\/div>\n<\/div>\n\t\t\t\t<\/div>\n\t\t\t\t<\/div>\n\t\t\t\t\t<\/div>\n\t\t<\/div>\n\t\t\t\t<div class=\"elementor-column elementor-col-50 elementor-top-column elementor-element elementor-element-d3e4d05 column-style-top\" data-id=\"d3e4d05\" data-element_type=\"column\">\n\t\t\t<div class=\"elementor-widget-wrap elementor-element-populated\">\n\t\t\t\t\t\t\t\t<section class=\"elementor-section elementor-inner-section elementor-element elementor-element-4a6d5ae9 elementor-section-boxed elementor-section-height-default elementor-section-height-default\" data-id=\"4a6d5ae9\" data-element_type=\"section\">\n\t\t\t\t\t\t<div class=\"elementor-container elementor-column-gap-default\">\n\t\t\t\t\t<div class=\"elementor-column elementor-col-50 elementor-inner-column elementor-element elementor-element-4beac5c9 column-style-top\" data-id=\"4beac5c9\" data-element_type=\"column\">\n\t\t\t<div class=\"elementor-widget-wrap elementor-element-populated\">\n\t\t\t\t\t\t\t\t<div class=\"elementor-element elementor-element-1888dcde elementor-widget elementor-widget-image\" data-id=\"1888dcde\" data-element_type=\"widget\" data-widget_type=\"image.default\">\n\t\t\t\t<div class=\"elementor-widget-container\">\n\t\t\t<style>\/*! elementor - v3.18.0 - 08-12-2023 *\/\n.elementor-widget-image{text-align:center}.elementor-widget-image a{display:inline-block}.elementor-widget-image a img[src$=\".svg\"]{width:48px}.elementor-widget-image img{vertical-align:middle;display:inline-block}<\/style>\t\t\t\t\t\t\t\t\t\t\t\t<img fetchpriority=\"high\" decoding=\"async\" width=\"900\" height=\"600\" src=\"http:\/\/apslretail.com\/wp-content\/uploads\/2023\/12\/mbr-6-1024x683.jpg\" class=\"attachment-large size-large wp-image-8417\" alt=\"inmobiliaria retail en murcia\" \/>\t\t\t\t\t\t\t\t\t\t\t\t\t\t\t<\/div>\n\t\t\t\t<\/div>\n\t\t\t\t\t<\/div>\n\t\t<\/div>\n\t\t\t\t<div class=\"elementor-column elementor-col-50 elementor-inner-column elementor-element elementor-element-69508d44 column-style-top\" data-id=\"69508d44\" data-element_type=\"column\">\n\t\t\t<div class=\"elementor-widget-wrap elementor-element-populated\">\n\t\t\t\t\t\t\t\t<div class=\"elementor-element elementor-element-284ac2ce elementor-widget elementor-widget-image\" data-id=\"284ac2ce\" data-element_type=\"widget\" data-widget_type=\"image.default\">\n\t\t\t\t<div class=\"elementor-widget-container\">\n\t\t\t\t\t\t\t\t\t\t\t\t\t\t\t<img decoding=\"async\" width=\"683\" height=\"1024\" src=\"http:\/\/apslretail.com\/wp-content\/uploads\/2023\/12\/parque-industrial-edificio-fabrica-almacen-3-683x1024.jpg\" class=\"attachment-large size-large wp-image-8418\" alt=\"\" \/>\t\t\t\t\t\t\t\t\t\t\t\t\t\t\t<\/div>\n\t\t\t\t<\/div>\n\t\t\t\t\t<\/div>\n\t\t<\/div>\n\t\t\t\t\t\t\t<\/div>\n\t\t<\/section>\n\t\t\t\t<section class=\"elementor-section elementor-inner-section elementor-element elementor-element-1077dba elementor-section-boxed elementor-section-height-default elementor-section-height-default\" data-id=\"1077dba\" data-element_type=\"section\">\n\t\t\t\t\t\t<div class=\"elementor-container elementor-column-gap-default\">\n\t\t\t\t\t<div class=\"elementor-column elementor-col-100 elementor-inner-column elementor-element elementor-element-4379cfac column-style-top\" data-id=\"4379cfac\" data-element_type=\"column\">\n\t\t\t<div class=\"elementor-widget-wrap elementor-element-populated\">\n\t\t\t\t\t\t\t\t<div class=\"elementor-element elementor-element-14685f2c elementor-widget elementor-widget-image\" data-id=\"14685f2c\" data-element_type=\"widget\" data-widget_type=\"image.default\">\n\t\t\t\t<div class=\"elementor-widget-container\">\n\t\t\t\t\t\t\t\t\t\t\t\t\t\t\t<img decoding=\"async\" width=\"900\" height=\"521\" src=\"http:\/\/apslretail.com\/wp-content\/uploads\/2023\/12\/home-contacta-3.png\" class=\"attachment-large size-large wp-image-8422\" alt=\"\" \/>\t\t\t\t\t\t\t\t\t\t\t\t\t\t\t<\/div>\n\t\t\t\t<\/div>\n\t\t\t\t\t<\/div>\n\t\t<\/div>\n\t\t\t\t\t\t\t<\/div>\n\t\t<\/section>\n\t\t\t\t\t<\/div>\n\t\t<\/div>\n\t\t\t\t\t\t\t<\/div>\n\t\t<\/section>\n\t\t\t\t\t\t\t<\/div>\n\t\t","protected":false},"excerpt":{"rendered":"<p>Alquiler y venta de franquicias en Murcia, el camino hacia el \u00e9xito Ofrecemos un servicio especializado en el alquiler y venta de franquicias, brindando a emprendedores y empresarios la oportunidad [&hellip;]<\/p>\n","protected":false},"author":1,"featured_media":0,"parent":0,"menu_order":0,"comment_status":"closed","ping_status":"closed","template":"","meta":{"footnotes":""},"class_list":["post-8705","page","type-page","status-publish","hentry"],"yoast_head":"<!-- This site is optimized with the Yoast SEO plugin v21.8 - https:\/\/yoast.com\/wordpress\/plugins\/seo\/ -->\n<title>\u226b Alquiler y Venta de Franquicias | \u3010APSL RETAIL\u3011<\/title>\n<meta name=\"description\" content=\"Nuestro servicio de alquiler y venta de franquicias en Murcia te ayudar\u00e1 a encontrar el espacio que necesitas para tu negocio \u27a1\ufe0f \u00a1Ll\u00e1manos!\" \/>\n<meta name=\"robots\" content=\"index, follow, max-snippet:-1, max-image-preview:large, max-video-preview:-1\" \/>\n<link rel=\"canonical\" href=\"http:\/\/apslretail.com\/index.php\/alquiler-venta-franquicias\/\" \/>\n<meta property=\"og:locale\" content=\"es_ES\" \/>\n<meta property=\"og:type\" content=\"article\" \/>\n<meta property=\"og:title\" content=\"\u226b Alquiler y Venta de Franquicias | \u3010APSL RETAIL\u3011\" \/>\n<meta property=\"og:description\" content=\"Nuestro servicio de alquiler y venta de franquicias en Murcia te ayudar\u00e1 a encontrar el espacio que necesitas para tu negocio \u27a1\ufe0f \u00a1Ll\u00e1manos!\" \/>\n<meta property=\"og:url\" content=\"http:\/\/apslretail.com\/index.php\/alquiler-venta-franquicias\/\" \/>\n<meta property=\"og:site_name\" content=\"AP S.L. Retail\" \/>\n<meta property=\"article:modified_time\" content=\"2024-01-15T09:37:23+00:00\" \/>\n<meta property=\"og:image\" content=\"http:\/\/apslretail.com\/wp-content\/uploads\/2023\/12\/mbr-6-1024x683.jpg\" \/>\n<meta name=\"twitter:card\" content=\"summary_large_image\" \/>\n<meta name=\"twitter:label1\" content=\"Tiempo de lectura\" \/>\n\t<meta name=\"twitter:data1\" content=\"2 minutos\" \/>\n<script type=\"application\/ld+json\" class=\"yoast-schema-graph\">{\"@context\":\"https:\/\/schema.org\",\"@graph\":[{\"@type\":\"WebPage\",\"@id\":\"http:\/\/apslretail.com\/index.php\/alquiler-venta-franquicias\/\",\"url\":\"http:\/\/apslretail.com\/index.php\/alquiler-venta-franquicias\/\",\"name\":\"\u226b Alquiler y Venta de Franquicias | \u3010APSL RETAIL\u3011\",\"isPartOf\":{\"@id\":\"http:\/\/apslretail.com\/#website\"},\"datePublished\":\"2023-12-13T11:32:50+00:00\",\"dateModified\":\"2024-01-15T09:37:23+00:00\",\"description\":\"Nuestro servicio de alquiler y venta de franquicias en Murcia te ayudar\u00e1 a encontrar el espacio que necesitas para tu negocio \u27a1\ufe0f \u00a1Ll\u00e1manos!\",\"breadcrumb\":{\"@id\":\"http:\/\/apslretail.com\/index.php\/alquiler-venta-franquicias\/#breadcrumb\"},\"inLanguage\":\"es\",\"potentialAction\":[{\"@type\":\"ReadAction\",\"target\":[\"http:\/\/apslretail.com\/index.php\/alquiler-venta-franquicias\/\"]}]},{\"@type\":\"BreadcrumbList\",\"@id\":\"http:\/\/apslretail.com\/index.php\/alquiler-venta-franquicias\/#breadcrumb\",\"itemListElement\":[{\"@type\":\"ListItem\",\"position\":1,\"name\":\"Portada\",\"item\":\"http:\/\/apslretail.com\/\"},{\"@type\":\"ListItem\",\"position\":2,\"name\":\"Alquiler \u2013 Venta Franquicias\"}]},{\"@type\":\"WebSite\",\"@id\":\"http:\/\/apslretail.com\/#website\",\"url\":\"http:\/\/apslretail.com\/\",\"name\":\"AP S.L. Retail\",\"description\":\"\",\"publisher\":{\"@id\":\"http:\/\/apslretail.com\/#organization\"},\"potentialAction\":[{\"@type\":\"SearchAction\",\"target\":{\"@type\":\"EntryPoint\",\"urlTemplate\":\"http:\/\/apslretail.com\/?s={search_term_string}\"},\"query-input\":\"required name=search_term_string\"}],\"inLanguage\":\"es\"},{\"@type\":\"Organization\",\"@id\":\"http:\/\/apslretail.com\/#organization\",\"name\":\"AP S.L. Retail\",\"url\":\"http:\/\/apslretail.com\/\",\"logo\":{\"@type\":\"ImageObject\",\"inLanguage\":\"es\",\"@id\":\"http:\/\/apslretail.com\/#\/schema\/logo\/image\/\",\"url\":\"http:\/\/apslretail.com\/wp-content\/uploads\/2023\/11\/mbr-1.png\",\"contentUrl\":\"http:\/\/apslretail.com\/wp-content\/uploads\/2023\/11\/mbr-1.png\",\"width\":1536,\"height\":864,\"caption\":\"AP S.L. Retail\"},\"image\":{\"@id\":\"http:\/\/apslretail.com\/#\/schema\/logo\/image\/\"}}]}<\/script>\n<!-- \/ Yoast SEO plugin. -->","yoast_head_json":{"title":"\u226b Alquiler y Venta de Franquicias | \u3010APSL RETAIL\u3011","description":"Nuestro servicio de alquiler y venta de franquicias en Murcia te ayudar\u00e1 a encontrar el espacio que necesitas para tu negocio \u27a1\ufe0f \u00a1Ll\u00e1manos!","robots":{"index":"index","follow":"follow","max-snippet":"max-snippet:-1","max-image-preview":"max-image-preview:large","max-video-preview":"max-video-preview:-1"},"canonical":"http:\/\/apslretail.com\/index.php\/alquiler-venta-franquicias\/","og_locale":"es_ES","og_type":"article","og_title":"\u226b Alquiler y Venta de Franquicias | \u3010APSL RETAIL\u3011","og_description":"Nuestro servicio de alquiler y venta de franquicias en Murcia te ayudar\u00e1 a encontrar el espacio que necesitas para tu negocio \u27a1\ufe0f \u00a1Ll\u00e1manos!","og_url":"http:\/\/apslretail.com\/index.php\/alquiler-venta-franquicias\/","og_site_name":"AP S.L. Retail","article_modified_time":"2024-01-15T09:37:23+00:00","og_image":[{"url":"http:\/\/apslretail.com\/wp-content\/uploads\/2023\/12\/mbr-6-1024x683.jpg"}],"twitter_card":"summary_large_image","twitter_misc":{"Tiempo de lectura":"2 minutos"},"schema":{"@context":"https:\/\/schema.org","@graph":[{"@type":"WebPage","@id":"http:\/\/apslretail.com\/index.php\/alquiler-venta-franquicias\/","url":"http:\/\/apslretail.com\/index.php\/alquiler-venta-franquicias\/","name":"\u226b Alquiler y Venta de Franquicias | \u3010APSL RETAIL\u3011","isPartOf":{"@id":"http:\/\/apslretail.com\/#website"},"datePublished":"2023-12-13T11:32:50+00:00","dateModified":"2024-01-15T09:37:23+00:00","description":"Nuestro servicio de alquiler y venta de franquicias en Murcia te ayudar\u00e1 a encontrar el espacio que necesitas para tu negocio \u27a1\ufe0f \u00a1Ll\u00e1manos!","breadcrumb":{"@id":"http:\/\/apslretail.com\/index.php\/alquiler-venta-franquicias\/#breadcrumb"},"inLanguage":"es","potentialAction":[{"@type":"ReadAction","target":["http:\/\/apslretail.com\/index.php\/alquiler-venta-franquicias\/"]}]},{"@type":"BreadcrumbList","@id":"http:\/\/apslretail.com\/index.php\/alquiler-venta-franquicias\/#breadcrumb","itemListElement":[{"@type":"ListItem","position":1,"name":"Portada","item":"http:\/\/apslretail.com\/"},{"@type":"ListItem","position":2,"name":"Alquiler \u2013 Venta Franquicias"}]},{"@type":"WebSite","@id":"http:\/\/apslretail.com\/#website","url":"http:\/\/apslretail.com\/","name":"AP S.L. Retail","description":"","publisher":{"@id":"http:\/\/apslretail.com\/#organization"},"potentialAction":[{"@type":"SearchAction","target":{"@type":"EntryPoint","urlTemplate":"http:\/\/apslretail.com\/?s={search_term_string}"},"query-input":"required name=search_term_string"}],"inLanguage":"es"},{"@type":"Organization","@id":"http:\/\/apslretail.com\/#organization","name":"AP S.L. Retail","url":"http:\/\/apslretail.com\/","logo":{"@type":"ImageObject","inLanguage":"es","@id":"http:\/\/apslretail.com\/#\/schema\/logo\/image\/","url":"http:\/\/apslretail.com\/wp-content\/uploads\/2023\/11\/mbr-1.png","contentUrl":"http:\/\/apslretail.com\/wp-content\/uploads\/2023\/11\/mbr-1.png","width":1536,"height":864,"caption":"AP S.L. Retail"},"image":{"@id":"http:\/\/apslretail.com\/#\/schema\/logo\/image\/"}}]}},"_links":{"self":[{"href":"http:\/\/apslretail.com\/index.php\/wp-json\/wp\/v2\/pages\/8705","targetHints":{"allow":["GET"]}}],"collection":[{"href":"http:\/\/apslretail.com\/index.php\/wp-json\/wp\/v2\/pages"}],"about":[{"href":"http:\/\/apslretail.com\/index.php\/wp-json\/wp\/v2\/types\/page"}],"author":[{"embeddable":true,"href":"http:\/\/apslretail.com\/index.php\/wp-json\/wp\/v2\/users\/1"}],"replies":[{"embeddable":true,"href":"http:\/\/apslretail.com\/index.php\/wp-json\/wp\/v2\/comments?post=8705"}],"version-history":[{"count":7,"href":"http:\/\/apslretail.com\/index.php\/wp-json\/wp\/v2\/pages\/8705\/revisions"}],"predecessor-version":[{"id":9045,"href":"http:\/\/apslretail.com\/index.php\/wp-json\/wp\/v2\/pages\/8705\/revisions\/9045"}],"wp:attachment":[{"href":"http:\/\/apslretail.com\/index.php\/wp-json\/wp\/v2\/media?parent=8705"}],"curies":[{"name":"wp","href":"https:\/\/api.w.org\/{rel}","templated":true}]}}